{"id":616,"date":"2020-01-24T12:15:42","date_gmt":"2020-01-24T11:15:42","guid":{"rendered":"https:\/\/www.skyocean.eu\/?page_id=616"},"modified":"2024-05-08T23:53:22","modified_gmt":"2024-05-08T21:53:22","slug":"begin","status":"publish","type":"page","link":"https:\/\/www.skyocean.eu\/es\/","title":{"rendered":"INICIO"},"content":{"rendered":"\n<h2 class=\"wp-block-heading has-text-align-center\">EXCELENCIA Y PROFESIONALIDAD<\/h2>\n\n\n\n<div style=\"height:20px\" aria-hidden=\"true\" class=\"wp-block-spacer\"><\/div>\n\n\n\n<p class=\"has-text-color has-link-color wp-elements-8f22b03a4041b7b37031e68a51e6c4fb\" style=\"color:#444444;font-size:18px\">Una buena gesti\u00f3n de un reacondicionamiento y reparaci\u00f3n garantizar\u00e1 la capacidad operativa segura de su yate. En SKY OCEAN ofrecemos el beneficio de nuestros muchos a\u00f1os de experiencia en astilleros. Nos aseguramos de que los plazos del proyecto sean realistas y se mantengan los presupuestos.<\/p>\n\n\n\n<div style=\"height:50px\" aria-hidden=\"true\" class=\"wp-block-spacer\"><\/div>\n\n\n\n<h2 class=\"wp-block-heading has-text-align-center\">SERVICIOS DE PINTURA PARA SUPER YATES<\/h2>\n\n\n\n<div style=\"height:20px\" aria-hidden=\"true\" class=\"wp-block-spacer\"><\/div>\n\n\n\n<p class=\"has-text-color has-link-color wp-elements-aec67b6138f31b071db39c4f79d51aaa\" style=\"color:#444444;font-size:18px\">Estamos especializados en servicios de acabado, repintado y reacondicionamiento para super yates \u00fanicos. Ofrecemos un servicio dise\u00f1ado para satisfacer todas sus necesidades, con a\u00f1os de experiencia en todos los campos de la pintura de yates. SKY OCEAN ofrece un enfoque personalizado para la pintura de yates, proporcionando una recomendaci\u00f3n adecuada para las necesidades individuales de cada proyecto.<\/p>\n\n\n\n<p class=\"has-text-color has-link-color wp-elements-9fa42f0b0155ff1fc3884471b091e0b2\" style=\"color:#444444;font-size:18px\">SKY OCEAN ofrece unos resultados de pintura de la m\u00e1xima calidad que es uno de los elementos m\u00e1s cr\u00edticos de sus proyectos de reacondicionamiento. Nuestra empresa ha<\/p>\n\n\n\n<p class=\"has-text-color has-link-color wp-elements-2e424e407cc3122dc7c834c30d89cc8d\" style=\"color:#444444;font-size:18px\">perfeccionado sistem\u00e1ticamente un equipo de pintura altamente cualificado y eficiente, preparado para afrontar los retos m\u00e1s dif\u00edciles y ofrecer siempre acabados de m\u00e1xima calidad en cada proyecto. Nuestro equipo ha dado la talla en todos los proyectos de pintura realizados hasta la fecha.<\/p>\n\n\n\n<p class=\"has-text-color has-link-color wp-elements-248fd73d83146a070c7eec36d5a87ba4\" style=\"color:#444444;font-size:18px\">Trabajamos en todo el mundo, tanto en proyectos de nueva construcci\u00f3n como de renovaci\u00f3n. Apasionados por nuestro trabajo, nuestra continua implicaci\u00f3n en nuevos proyectos garantiza que estamos al corriente de los \u00faltimos avances tecnol\u00f3gicos.<\/p>\n\n\n\n<div style=\"height:50px\" aria-hidden=\"true\" class=\"wp-block-spacer\"><\/div>\n\n\n\n<h2 class=\"wp-block-heading has-text-align-center\">Nuestro servicios<\/h2>\n\n\n\n<div style=\"height:20px\" aria-hidden=\"true\" class=\"wp-block-spacer\"><\/div>\n\n\n\n<div class=\"wp-block-columns is-layout-flex wp-container-core-columns-is-layout-9d6595d7 wp-block-columns-is-layout-flex\">\n<div class=\"wp-block-column is-layout-flow wp-block-column-is-layout-flow\" style=\"flex-basis:49%\">            <div class=\"oxi-addons-container noLightbox oxi-image-hover-wrapper-4 \" id=\"oxi-image-hover-wrapper-4\">\n                <div class=\"oxi-addons-row\">\n                                <div class=\"oxi-image-hover-style oxi-bt-col-lg-12 oxi-bt-col-md-12 oxi-bt-col-sm-12                         \" >\n                <div class=\"oxi-image-hover-style-square\">\n                    <div class=\"oxi-image-hover oxi-image-square-hover oxi-image-square-hover-style-3 oxi-image-square-hover-4-4\">\n                                                    <a  href=\"http:\/\/www.skyocean.eu\/yachts-painting-services\/\" rel=\"nofollow\">\n                                                            <div class=\"oxi-image-hover-figure left_to_right\">\n                                <div class=\"oxi-image-hover-image\">\n                                    <img decoding=\"async\" src=\"http:\/\/www.skyocean.eu\/wp-content\/uploads\/2019\/09\/paint.png\" >\n                                <\/div>\n                                <div class=\"mask1\"><\/div>\n                                <div class=\"mask2\"><\/div>\n                                <div class=\"oxi-image-hover-figure-caption\">\n                                    <div class=\"oxi-image-hover-caption-tab image-hover-align-top-center\">\n                                                                                    <div class=\"oxi-image-hover-figure-heading iheu-fade-up \"><h3 class=\"oxi-image-hover-heading \n                                            oxi-image-hover-heading-underline                                                \">Painting<\/h3><\/div>\n                                                                                    <\/div>\n                                <\/div>\n                            <\/div>\n                                                        <\/a>\n\t\t\t\t\t\t\t\t                    <\/div>\n                <\/div>\n                                <\/div>\n                                <\/div>\n            <\/div>\n\t\t\t\n<\/div>\n\n\n\n<div class=\"wp-block-column is-layout-flow wp-block-column-is-layout-flow\" style=\"flex-basis:2%\">\n<div style=\"height:20px\" aria-hidden=\"true\" class=\"wp-block-spacer\"><\/div>\n<\/div>\n\n\n\n<div class=\"wp-block-column is-layout-flow wp-block-column-is-layout-flow\" style=\"flex-basis:49%\">            <div class=\"oxi-addons-container noLightbox oxi-image-hover-wrapper-3 \" id=\"oxi-image-hover-wrapper-3\">\n                <div class=\"oxi-addons-row\">\n                                <div class=\"oxi-image-hover-style oxi-bt-col-lg-12 oxi-bt-col-md-12 oxi-bt-col-sm-12                         \" >\n                <div class=\"oxi-image-hover-style-square\">\n                    <div class=\"oxi-image-hover oxi-image-square-hover oxi-image-square-hover-style-3 oxi-image-square-hover-3-3\">\n                                                    <a  href=\"http:\/\/www.skyocean.eu\/yacht-mechanical-engineering\/\" rel=\"nofollow\">\n                                                            <div class=\"oxi-image-hover-figure left_to_right\">\n                                <div class=\"oxi-image-hover-image\">\n                                    <img decoding=\"async\" src=\"http:\/\/www.skyocean.eu\/wp-content\/uploads\/2019\/09\/engine4.jpg\" >\n                                <\/div>\n                                <div class=\"mask1\"><\/div>\n                                <div class=\"mask2\"><\/div>\n                                <div class=\"oxi-image-hover-figure-caption\">\n                                    <div class=\"oxi-image-hover-caption-tab image-hover-align-top-center\">\n                                                                                    <div class=\"oxi-image-hover-figure-heading iheu-zoom-in \"><h3 class=\"oxi-image-hover-heading \n                                            oxi-image-hover-heading-underline                                                \">Mechanical Engineering<\/h3><\/div>\n                                                                                    <\/div>\n                                <\/div>\n                            <\/div>\n                                                        <\/a>\n\t\t\t\t\t\t\t\t                    <\/div>\n                <\/div>\n                                <\/div>\n                                <\/div>\n            <\/div>\n\t\t\t\n<\/div>\n<\/div>\n\n\n\n<div class=\"wp-block-columns is-layout-flex wp-container-core-columns-is-layout-9d6595d7 wp-block-columns-is-layout-flex\">\n<div class=\"wp-block-column is-layout-flow wp-block-column-is-layout-flow\" style=\"flex-basis:49%\">            <div class=\"oxi-addons-container noLightbox oxi-image-hover-wrapper-5 \" id=\"oxi-image-hover-wrapper-5\">\n                <div class=\"oxi-addons-row\">\n                                <div class=\"oxi-image-hover-style oxi-bt-col-lg-12 oxi-bt-col-md-12 oxi-bt-col-sm-12                         \" >\n                <div class=\"oxi-image-hover-style-square\">\n                    <div class=\"oxi-image-hover oxi-image-square-hover oxi-image-square-hover-style-3 oxi-image-square-hover-5-5\">\n                                                    <a  href=\"http:\/\/www.skyocean.eu\/services\/yachts-rigging\/\" rel=\"nofollow\">\n                                                            <div class=\"oxi-image-hover-figure left_to_right\">\n                                <div class=\"oxi-image-hover-image\">\n                                    <img decoding=\"async\" src=\"http:\/\/www.skyocean.eu\/wp-content\/uploads\/2019\/09\/rig.png\" >\n                                <\/div>\n                                <div class=\"mask1\"><\/div>\n                                <div class=\"mask2\"><\/div>\n                                <div class=\"oxi-image-hover-figure-caption\">\n                                    <div class=\"oxi-image-hover-caption-tab image-hover-align-top-center\">\n                                                                                    <div class=\"oxi-image-hover-figure-heading iheu-fade-up \"><h3 class=\"oxi-image-hover-heading \n                                            oxi-image-hover-heading-underline                                                \">Rigging<\/h3><\/div>\n                                                                                    <\/div>\n                                <\/div>\n                            <\/div>\n                                                        <\/a>\n\t\t\t\t\t\t\t\t                    <\/div>\n                <\/div>\n                                <\/div>\n                                <\/div>\n            <\/div>\n\t\t\t\n<\/div>\n\n\n\n<div class=\"wp-block-column is-layout-flow wp-block-column-is-layout-flow\" style=\"flex-basis:2%\">\n<div style=\"height:20px\" aria-hidden=\"true\" class=\"wp-block-spacer\"><\/div>\n<\/div>\n\n\n\n<div class=\"wp-block-column is-layout-flow wp-block-column-is-layout-flow\" style=\"flex-basis:49%\">            <div class=\"oxi-addons-container noLightbox oxi-image-hover-wrapper-6 \" id=\"oxi-image-hover-wrapper-6\">\n                <div class=\"oxi-addons-row\">\n                                <div class=\"oxi-image-hover-style oxi-bt-col-lg-12 oxi-bt-col-md-12 oxi-bt-col-sm-12                         \" >\n                <div class=\"oxi-image-hover-style-square\">\n                    <div class=\"oxi-image-hover oxi-image-square-hover oxi-image-square-hover-style-3 oxi-image-square-hover-6-6\">\n                                                    <a  href=\"http:\/\/www.skyocean.eu\/services\/yachts-tenders\/\" rel=\"nofollow\">\n                                                            <div class=\"oxi-image-hover-figure left_to_right\">\n                                <div class=\"oxi-image-hover-image\">\n                                    <img decoding=\"async\" src=\"http:\/\/www.skyocean.eu\/wp-content\/uploads\/2019\/09\/Foto-tender.png\" >\n                                <\/div>\n                                <div class=\"mask1\"><\/div>\n                                <div class=\"mask2\"><\/div>\n                                <div class=\"oxi-image-hover-figure-caption\">\n                                    <div class=\"oxi-image-hover-caption-tab image-hover-align-top-center\">\n                                                                                    <div class=\"oxi-image-hover-figure-heading iheu-fade-up \"><h3 class=\"oxi-image-hover-heading \n                                            oxi-image-hover-heading-underline                                                \">Tenders<\/h3><\/div>\n                                                                                    <\/div>\n                                <\/div>\n                            <\/div>\n                                                        <\/a>\n\t\t\t\t\t\t\t\t                    <\/div>\n                <\/div>\n                                <\/div>\n                                <\/div>\n            <\/div>\n\t\t\t\n<\/div>\n<\/div>\n\n\n\n<div style=\"height:50px\" aria-hidden=\"true\" class=\"wp-block-spacer\"><\/div>\n\n\n\n<h2 class=\"wp-block-heading has-text-align-center\">Servicios oficiales <\/h2>\n\n\n\n<div style=\"height:20px\" aria-hidden=\"true\" class=\"wp-block-spacer\"><\/div>\n\n\n\n<div class=\"wp-block-columns is-layout-flex wp-container-core-columns-is-layout-9d6595d7 wp-block-columns-is-layout-flex\">\n<div class=\"wp-block-column is-layout-flow wp-block-column-is-layout-flow\">\n<figure class=\"wp-block-image size-full\"><a href=\"https:\/\/www.castoldijet.it\/\" target=\"_blank\" rel=\"noopener noreferrer\"><img loading=\"lazy\" decoding=\"async\" width=\"319\" height=\"150\" src=\"https:\/\/www.skyocean.eu\/wp-content\/uploads\/2020\/01\/service02.png\" alt=\"\" class=\"wp-image-662\" srcset=\"https:\/\/www.skyocean.eu\/wp-content\/uploads\/2020\/01\/service02.png 319w, https:\/\/www.skyocean.eu\/wp-content\/uploads\/2020\/01\/service02-300x141.png 300w\" sizes=\"auto, (max-width: 319px) 100vw, 319px\" \/><\/a><\/figure>\n<\/div>\n\n\n\n<div class=\"wp-block-column is-layout-flow wp-block-column-is-layout-flow\">\n<figure class=\"wp-block-image size-large\"><a href=\"https:\/\/applelecmarine.com\/\" target=\"_blank\" rel=\"noopener noreferrer\"><img loading=\"lazy\" decoding=\"async\" width=\"454\" height=\"150\" src=\"https:\/\/www.skyocean.eu\/wp-content\/uploads\/2020\/01\/service06.png\" alt=\"\" class=\"wp-image-740\" srcset=\"https:\/\/www.skyocean.eu\/wp-content\/uploads\/2020\/01\/service06.png 454w, https:\/\/www.skyocean.eu\/wp-content\/uploads\/2020\/01\/service06-300x99.png 300w\" sizes=\"auto, (max-width: 454px) 100vw, 454px\" \/><\/a><\/figure>\n<\/div>\n<\/div>\n\n\n\n<div style=\"height:50px\" aria-hidden=\"true\" class=\"wp-block-spacer\"><\/div>\n\n\n\n<h2 class=\"wp-block-heading has-text-align-center\">Conta con nosotros<\/h2>\n\n\n\n<div style=\"height:20px\" aria-hidden=\"true\" class=\"wp-block-spacer\"><\/div>\n\n\n\n<div class=\"wp-block-group\"><div class=\"wp-block-group__inner-container is-layout-constrained wp-block-group-is-layout-constrained\">\n<div class=\"wp-block-group\"><div class=\"wp-block-group__inner-container is-layout-constrained wp-block-group-is-layout-constrained\"><div class=\"wp-block-jetpack-contact-form wp-elements-35123d1213a284c6c12a986c0810c2cc\"><a href=\"https:\/\/www.skyocean.eu\/es\/\" target=\"_blank\" rel=\"noopener noreferrer\">Env\u00eda un formulario.<\/a><\/div>\n\n\n<figure class=\"wp-block-image size-full\"><img loading=\"lazy\" decoding=\"async\" width=\"2400\" height=\"352\" src=\"https:\/\/www.skyocean.eu\/wp-content\/uploads\/2024\/05\/triangle_gris.png\" alt=\"\" class=\"wp-image-1024\" srcset=\"https:\/\/www.skyocean.eu\/wp-content\/uploads\/2024\/05\/triangle_gris.png 2400w, https:\/\/www.skyocean.eu\/wp-content\/uploads\/2024\/05\/triangle_gris-300x44.png 300w, https:\/\/www.skyocean.eu\/wp-content\/uploads\/2024\/05\/triangle_gris-1024x150.png 1024w, https:\/\/www.skyocean.eu\/wp-content\/uploads\/2024\/05\/triangle_gris-768x113.png 768w, https:\/\/www.skyocean.eu\/wp-content\/uploads\/2024\/05\/triangle_gris-1536x225.png 1536w, https:\/\/www.skyocean.eu\/wp-content\/uploads\/2024\/05\/triangle_gris-2048x300.png 2048w, https:\/\/www.skyocean.eu\/wp-content\/uploads\/2024\/05\/triangle_gris-1920x282.png 1920w\" sizes=\"auto, (max-width: 2400px) 100vw, 2400px\" \/><\/figure>\n<\/div><\/div>\n<\/div><\/div>\n\n\n\n<div style=\"height:51px\" aria-hidden=\"true\" class=\"wp-block-spacer\"><\/div>\n\n\n\n<div class=\"wp-block-columns is-layout-flex wp-container-core-columns-is-layout-9d6595d7 wp-block-columns-is-layout-flex\">\n<div class=\"wp-block-column is-layout-flow wp-block-column-is-layout-flow\">\n<div class=\"wp-block-webfactory-map\"><div class=\"wp-block-webfactory-map\"><iframe loading=\"lazy\" title=\"Map\" width=\"100%\" height=\"385px\" src=\"https:\/\/www.google.com\/maps\/embed\/v1\/place?q=Muelle%20de%20Barcelona&#038;maptype=roadmap&#038;zoom=14&#038;key=AIzaSyCdUNPWlv7AVZsCm0oa7AiGXiM-vtr7Zjk\" frameborder=\"0\"><\/iframe><\/div><\/div>\n<\/div>\n\n\n\n<div class=\"wp-block-column is-layout-flow wp-block-column-is-layout-flow\">\n<h1 class=\"wp-block-heading\">Consigue un presupuesto<\/h1>\n\n\n\n<div style=\"height:20px\" aria-hidden=\"true\" class=\"wp-block-spacer\"><\/div>\n\n\n\n<div class=\"wp-block-columns is-layout-flex wp-container-core-columns-is-layout-9d6595d7 wp-block-columns-is-layout-flex\">\n<div class=\"wp-block-column is-layout-flow wp-block-column-is-layout-flow\">\n<p class=\"has-very-dark-gray-color has-text-color has-medium-font-size\"><strong>Localizaci\u00f3n<\/strong><\/p>\n\n\n\n<p class=\"has-cyan-bluish-gray-color has-text-color\">WTC Barcelona<br>Muelle de Barcelona, Edificio Sur, 2\u00aa planta.<br>08039, Barcelona<\/p>\n\n\n\n<p class=\"has-cyan-bluish-gray-color has-text-color\"><\/p>\n<\/div>\n\n\n\n<div class=\"wp-block-column is-layout-flow wp-block-column-is-layout-flow\">\n<p class=\"has-very-dark-gray-color has-text-color has-medium-font-size\"><strong>Contacta <\/strong><\/p>\n\n\n\n<p class=\"has-cyan-bluish-gray-color has-text-color\">Tel\u00e9fono: + 34 685 411 925<\/p>\n\n\n\n<p class=\"has-cyan-bluish-gray-color has-text-color\">Email : info@skyocean.eu<\/p>\n<\/div>\n<\/div>\n<\/div>\n<\/div>\n","protected":false},"excerpt":{"rendered":"<p>EXCELENCIA Y PROFESIONALIDAD Una buena gesti\u00f3n de un reacondicionamiento y reparaci\u00f3n garantizar\u00e1 la capacidad operativa segura de su yate. En SKY OCEAN ofrecemos el beneficio de nuestros muchos a\u00f1os de experiencia en astilleros. Nos aseguramos de que los plazos del proyecto sean realistas y se mantengan los presupuestos. SERVICIOS DE PINTURA PARA SUPER YATES Estamos&hellip; <br \/> <a class=\"read-more\" href=\"https:\/\/www.skyocean.eu\/es\/\">Leer m\u00e1s<\/a><\/p>\n","protected":false},"author":1,"featured_media":0,"parent":0,"menu_order":0,"comment_status":"closed","ping_status":"closed","template":"page-templates\/homepage.php","meta":{"_monsterinsights_skip_tracking":false,"_monsterinsights_sitenote_active":false,"_monsterinsights_sitenote_note":"","_monsterinsights_sitenote_category":0,"_uf_show_specific_survey":0,"_uf_disable_surveys":false,"footnotes":""},"class_list":["post-616","page","type-page","status-publish","hentry"],"aioseo_notices":[],"jetpack_sharing_enabled":true,"_links":{"self":[{"href":"https:\/\/www.skyocean.eu\/es\/wp-json\/wp\/v2\/pages\/616","targetHints":{"allow":["GET"]}}],"collection":[{"href":"https:\/\/www.skyocean.eu\/es\/wp-json\/wp\/v2\/pages"}],"about":[{"href":"https:\/\/www.skyocean.eu\/es\/wp-json\/wp\/v2\/types\/page"}],"author":[{"embeddable":true,"href":"https:\/\/www.skyocean.eu\/es\/wp-json\/wp\/v2\/users\/1"}],"replies":[{"embeddable":true,"href":"https:\/\/www.skyocean.eu\/es\/wp-json\/wp\/v2\/comments?post=616"}],"version-history":[{"count":130,"href":"https:\/\/www.skyocean.eu\/es\/wp-json\/wp\/v2\/pages\/616\/revisions"}],"predecessor-version":[{"id":1106,"href":"https:\/\/www.skyocean.eu\/es\/wp-json\/wp\/v2\/pages\/616\/revisions\/1106"}],"wp:attachment":[{"href":"https:\/\/www.skyocean.eu\/es\/wp-json\/wp\/v2\/media?parent=616"}],"curies":[{"name":"wp","href":"https:\/\/api.w.org\/{rel}","templated":true}]}}