{"id":459,"date":"2019-09-16T21:18:30","date_gmt":"2019-09-16T19:18:30","guid":{"rendered":"http:\/\/www.skyocean.eu\/?page_id=459"},"modified":"2020-05-01T20:08:25","modified_gmt":"2020-05-01T18:08:25","slug":"yachts-tenders","status":"publish","type":"page","link":"https:\/\/www.skyocean.eu\/es\/services\/yachts-tenders\/","title":{"rendered":"Tenders"},"content":{"rendered":"\n<div class=\"wp-block-media-text alignwide has-media-on-the-right is-stacked-on-mobile\"><figure class=\"wp-block-media-text__media\"><a href=\"https:\/\/www.skyocean.eu\/wp-content\/uploads\/2019\/09\/Foto-tender.png\"><img loading=\"lazy\" decoding=\"async\" width=\"900\" height=\"600\" src=\"http:\/\/www.skyocean.eu\/wp-content\/uploads\/2019\/09\/Foto-tender.png\" alt=\"Yachts Tenders\" class=\"wp-image-484\" srcset=\"https:\/\/www.skyocean.eu\/wp-content\/uploads\/2019\/09\/Foto-tender.png 900w, https:\/\/www.skyocean.eu\/wp-content\/uploads\/2019\/09\/Foto-tender-300x200.png 300w, https:\/\/www.skyocean.eu\/wp-content\/uploads\/2019\/09\/Foto-tender-768x512.png 768w\" sizes=\"auto, (max-width: 900px) 100vw, 900px\" \/><\/a><\/figure><div class=\"wp-block-media-text__content\">\n<p>Tenders\u00a0<a href=\"https:\/\/www.skyocean.eu\/sky-ocean-abou-us\/\">SKY OCEAN<\/a>\u00a0ofrece un servicio completo de reparaci\u00f3n y reacondicionamiento, para todas las jet skis, ribs, tenders y tenders de superyates. Nuestra amplia gama de servicios de astilleros incluye reparaciones de GRP, trabajos de construcci\u00f3n, instalaciones electr\u00f3nicas, y mantenimiento de motores.<\/p>\n\n\n\n<p>Podemos ofrecerle incre\u00edbles acabados personalizados que ofrecemos para embarcaciones m\u00e1s grandes. Esto puede incluir un acabado con pinturas de alta calidad y gelcoats de marcas l\u00edderes. Donde sea que se encuentre su barco y su tender.<\/p>\n<\/div><\/div>\n","protected":false},"excerpt":{"rendered":"<p>Tenders\u00a0SKY OCEAN\u00a0ofrece un servicio completo de reparaci\u00f3n y reacondicionamiento, para todas las jet skis, ribs, tenders y tenders de superyates. Nuestra amplia gama de servicios de astilleros incluye reparaciones de GRP, trabajos de construcci\u00f3n, instalaciones electr\u00f3nicas, y mantenimiento de motores. Podemos ofrecerle incre\u00edbles acabados personalizados que ofrecemos para embarcaciones m\u00e1s grandes. Esto puede incluir un&hellip; <br \/> <a class=\"read-more\" href=\"https:\/\/www.skyocean.eu\/es\/services\/yachts-tenders\/\">Leer m\u00e1s<\/a><\/p>\n","protected":false},"author":1,"featured_media":371,"parent":24,"menu_order":4,"comment_status":"closed","ping_status":"closed","template":"","meta":{"_monsterinsights_skip_tracking":false,"_monsterinsights_sitenote_active":false,"_monsterinsights_sitenote_note":"","_monsterinsights_sitenote_category":0,"_uf_show_specific_survey":0,"_uf_disable_surveys":false,"footnotes":""},"class_list":["post-459","page","type-page","status-publish","has-post-thumbnail","hentry"],"aioseo_notices":[],"jetpack_sharing_enabled":true,"_links":{"self":[{"href":"https:\/\/www.skyocean.eu\/es\/wp-json\/wp\/v2\/pages\/459","targetHints":{"allow":["GET"]}}],"collection":[{"href":"https:\/\/www.skyocean.eu\/es\/wp-json\/wp\/v2\/pages"}],"about":[{"href":"https:\/\/www.skyocean.eu\/es\/wp-json\/wp\/v2\/types\/page"}],"author":[{"embeddable":true,"href":"https:\/\/www.skyocean.eu\/es\/wp-json\/wp\/v2\/users\/1"}],"replies":[{"embeddable":true,"href":"https:\/\/www.skyocean.eu\/es\/wp-json\/wp\/v2\/comments?post=459"}],"version-history":[{"count":14,"href":"https:\/\/www.skyocean.eu\/es\/wp-json\/wp\/v2\/pages\/459\/revisions"}],"predecessor-version":[{"id":856,"href":"https:\/\/www.skyocean.eu\/es\/wp-json\/wp\/v2\/pages\/459\/revisions\/856"}],"up":[{"embeddable":true,"href":"https:\/\/www.skyocean.eu\/es\/wp-json\/wp\/v2\/pages\/24"}],"wp:featuredmedia":[{"embeddable":true,"href":"https:\/\/www.skyocean.eu\/es\/wp-json\/wp\/v2\/media\/371"}],"wp:attachment":[{"href":"https:\/\/www.skyocean.eu\/es\/wp-json\/wp\/v2\/media?parent=459"}],"curies":[{"name":"wp","href":"https:\/\/api.w.org\/{rel}","templated":true}]}}