{"id":457,"date":"2019-09-16T21:16:03","date_gmt":"2019-09-16T19:16:03","guid":{"rendered":"http:\/\/www.skyocean.eu\/?page_id=457"},"modified":"2020-05-01T19:59:22","modified_gmt":"2020-05-01T17:59:22","slug":"yachts-rigging","status":"publish","type":"page","link":"https:\/\/www.skyocean.eu\/es\/services\/yachts-rigging\/","title":{"rendered":"Acastillaje de yates"},"content":{"rendered":"\n<div class=\"wp-block-media-text alignwide is-stacked-on-mobile\"><figure class=\"wp-block-media-text__media\"><a href=\"https:\/\/www.skyocean.eu\/wp-content\/uploads\/2019\/09\/rig.png\"><img loading=\"lazy\" decoding=\"async\" width=\"375\" height=\"250\" src=\"http:\/\/www.skyocean.eu\/wp-content\/uploads\/2019\/09\/rig.png\" alt=\"Acastillaje de yates\" class=\"wp-image-355\" srcset=\"https:\/\/www.skyocean.eu\/wp-content\/uploads\/2019\/09\/rig.png 375w, https:\/\/www.skyocean.eu\/wp-content\/uploads\/2019\/09\/rig-300x200.png 300w\" sizes=\"auto, (max-width: 375px) 100vw, 375px\" \/><\/a><\/figure><div class=\"wp-block-media-text__content\">\n<p>En Acastillaje de yates, el experimentado equipo de <a href=\"https:\/\/www.skyocean.eu\/sky-ocean-abou-us\/\">Sky Ocean<\/a> est\u00e1 totalmente capacitado y disponible durante todo el proyecto para proporcionar un servicio de instalaci\u00f3n completo. Esta experiencia y flexibilidad nos permite dise\u00f1ar y construir un sistema para cumplir con sus requisitos individuales. Trabajando con arquitectos y dise\u00f1adores, podemos asesorar sobre la amplia gama de productos disponibles para garantizar que solo se usen los accesorios adecuados. Ya sea que est\u00e9 compitiendo al m\u00e1s alto nivel, con su club local o simplemente navegando por placer, la velocidad del barco es importante. Configurar su m\u00e1stil para optimizar el rendimiento es una de las \u00e1reas clave que requieren atenci\u00f3n regular.<\/p>\n<\/div><\/div>\n","protected":false},"excerpt":{"rendered":"<p>En Acastillaje de yates, el experimentado equipo de Sky Ocean est\u00e1 totalmente capacitado y disponible durante todo el proyecto para proporcionar un servicio de instalaci\u00f3n completo. Esta experiencia y flexibilidad nos permite dise\u00f1ar y construir un sistema para cumplir con sus requisitos individuales. Trabajando con arquitectos y dise\u00f1adores, podemos asesorar sobre la amplia gama de&hellip; <br \/> <a class=\"read-more\" href=\"https:\/\/www.skyocean.eu\/es\/services\/yachts-rigging\/\">Leer m\u00e1s<\/a><\/p>\n","protected":false},"author":1,"featured_media":371,"parent":24,"menu_order":3,"comment_status":"closed","ping_status":"closed","template":"","meta":{"_monsterinsights_skip_tracking":false,"_monsterinsights_sitenote_active":false,"_monsterinsights_sitenote_note":"","_monsterinsights_sitenote_category":0,"_uf_show_specific_survey":0,"_uf_disable_surveys":false,"footnotes":""},"class_list":["post-457","page","type-page","status-publish","has-post-thumbnail","hentry"],"aioseo_notices":[],"jetpack_sharing_enabled":true,"_links":{"self":[{"href":"https:\/\/www.skyocean.eu\/es\/wp-json\/wp\/v2\/pages\/457","targetHints":{"allow":["GET"]}}],"collection":[{"href":"https:\/\/www.skyocean.eu\/es\/wp-json\/wp\/v2\/pages"}],"about":[{"href":"https:\/\/www.skyocean.eu\/es\/wp-json\/wp\/v2\/types\/page"}],"author":[{"embeddable":true,"href":"https:\/\/www.skyocean.eu\/es\/wp-json\/wp\/v2\/users\/1"}],"replies":[{"embeddable":true,"href":"https:\/\/www.skyocean.eu\/es\/wp-json\/wp\/v2\/comments?post=457"}],"version-history":[{"count":9,"href":"https:\/\/www.skyocean.eu\/es\/wp-json\/wp\/v2\/pages\/457\/revisions"}],"predecessor-version":[{"id":848,"href":"https:\/\/www.skyocean.eu\/es\/wp-json\/wp\/v2\/pages\/457\/revisions\/848"}],"up":[{"embeddable":true,"href":"https:\/\/www.skyocean.eu\/es\/wp-json\/wp\/v2\/pages\/24"}],"wp:featuredmedia":[{"embeddable":true,"href":"https:\/\/www.skyocean.eu\/es\/wp-json\/wp\/v2\/media\/371"}],"wp:attachment":[{"href":"https:\/\/www.skyocean.eu\/es\/wp-json\/wp\/v2\/media?parent=457"}],"curies":[{"name":"wp","href":"https:\/\/api.w.org\/{rel}","templated":true}]}}