{"id":455,"date":"2019-09-16T21:14:12","date_gmt":"2019-09-16T19:14:12","guid":{"rendered":"http:\/\/www.skyocean.eu\/?page_id=455"},"modified":"2020-05-01T20:06:53","modified_gmt":"2020-05-01T18:06:53","slug":"yacht-mechanical-engineering","status":"publish","type":"page","link":"https:\/\/www.skyocean.eu\/es\/services\/yacht-mechanical-engineering\/","title":{"rendered":"Ingenier\u00eda mec\u00e1nica de Yates"},"content":{"rendered":"\n<div class=\"wp-block-media-text alignwide has-media-on-the-right is-stacked-on-mobile\"><figure class=\"wp-block-media-text__media\"><a href=\"https:\/\/www.skyocean.eu\/wp-content\/uploads\/2019\/09\/engine4.jpg\"><img loading=\"lazy\" decoding=\"async\" width=\"730\" height=\"487\" src=\"http:\/\/www.skyocean.eu\/wp-content\/uploads\/2019\/09\/engine4.jpg\" alt=\"Ingenier\u00eda mec\u00e1nica\" class=\"wp-image-492\" srcset=\"https:\/\/www.skyocean.eu\/wp-content\/uploads\/2019\/09\/engine4.jpg 730w, https:\/\/www.skyocean.eu\/wp-content\/uploads\/2019\/09\/engine4-300x200.jpg 300w\" sizes=\"auto, (max-width: 730px) 100vw, 730px\" \/><\/a><\/figure><div class=\"wp-block-media-text__content\">\n<p>Nuestro equipo especialista en ingenier\u00eda mec\u00e1nica de yates, est\u00e1 comprometido a hacer el trabajo de manera profesional, r\u00e1pida y eficiente, estableciendo un servicio r\u00e1pido y de valor est\u00e1ndar en la industria.<\/p>\n\n\n\n<p>Diagn\u00f3stico de motores y generadores, an\u00e1lisis y puesta a punto, instalaci\u00f3n de motores, reemplazo de inyectores, motores fuera borda y generadores, jets, an\u00e1lisis de aceite del motor en laboratorio, hidr\u00e1ulica, tuber\u00edas, repuestos, etc\u2026<\/p>\n<\/div><\/div>\n","protected":false},"excerpt":{"rendered":"<p>Nuestro equipo especialista en ingenier\u00eda mec\u00e1nica de yates, est\u00e1 comprometido a hacer el trabajo de manera profesional, r\u00e1pida y eficiente, estableciendo un servicio r\u00e1pido y de valor est\u00e1ndar en la industria. Diagn\u00f3stico de motores y generadores, an\u00e1lisis y puesta a punto, instalaci\u00f3n de motores, reemplazo de inyectores, motores fuera borda y generadores, jets, an\u00e1lisis de&hellip; <br \/> <a class=\"read-more\" href=\"https:\/\/www.skyocean.eu\/es\/services\/yacht-mechanical-engineering\/\">Leer m\u00e1s<\/a><\/p>\n","protected":false},"author":1,"featured_media":371,"parent":24,"menu_order":0,"comment_status":"closed","ping_status":"closed","template":"","meta":{"_monsterinsights_skip_tracking":false,"_monsterinsights_sitenote_active":false,"_monsterinsights_sitenote_note":"","_monsterinsights_sitenote_category":0,"_uf_show_specific_survey":0,"_uf_disable_surveys":false,"footnotes":""},"class_list":["post-455","page","type-page","status-publish","has-post-thumbnail","hentry"],"aioseo_notices":[],"jetpack_sharing_enabled":true,"_links":{"self":[{"href":"https:\/\/www.skyocean.eu\/es\/wp-json\/wp\/v2\/pages\/455","targetHints":{"allow":["GET"]}}],"collection":[{"href":"https:\/\/www.skyocean.eu\/es\/wp-json\/wp\/v2\/pages"}],"about":[{"href":"https:\/\/www.skyocean.eu\/es\/wp-json\/wp\/v2\/types\/page"}],"author":[{"embeddable":true,"href":"https:\/\/www.skyocean.eu\/es\/wp-json\/wp\/v2\/users\/1"}],"replies":[{"embeddable":true,"href":"https:\/\/www.skyocean.eu\/es\/wp-json\/wp\/v2\/comments?post=455"}],"version-history":[{"count":20,"href":"https:\/\/www.skyocean.eu\/es\/wp-json\/wp\/v2\/pages\/455\/revisions"}],"predecessor-version":[{"id":854,"href":"https:\/\/www.skyocean.eu\/es\/wp-json\/wp\/v2\/pages\/455\/revisions\/854"}],"up":[{"embeddable":true,"href":"https:\/\/www.skyocean.eu\/es\/wp-json\/wp\/v2\/pages\/24"}],"wp:featuredmedia":[{"embeddable":true,"href":"https:\/\/www.skyocean.eu\/es\/wp-json\/wp\/v2\/media\/371"}],"wp:attachment":[{"href":"https:\/\/www.skyocean.eu\/es\/wp-json\/wp\/v2\/media?parent=455"}],"curies":[{"name":"wp","href":"https:\/\/api.w.org\/{rel}","templated":true}]}}