{"id":451,"date":"2019-09-16T21:08:37","date_gmt":"2019-09-16T19:08:37","guid":{"rendered":"http:\/\/www.skyocean.eu\/?page_id=451"},"modified":"2020-05-01T20:03:45","modified_gmt":"2020-05-01T18:03:45","slug":"yachts-painting-services","status":"publish","type":"page","link":"https:\/\/www.skyocean.eu\/es\/services\/yachts-painting-services\/","title":{"rendered":"Servicio Pintura Yates"},"content":{"rendered":"\n<div class=\"wp-block-media-text alignwide is-stacked-on-mobile\"><figure class=\"wp-block-media-text__media\"><a href=\"https:\/\/www.skyocean.eu\/wp-content\/uploads\/2019\/09\/paint.png\"><img loading=\"lazy\" decoding=\"async\" width=\"375\" height=\"250\" src=\"http:\/\/www.skyocean.eu\/wp-content\/uploads\/2019\/09\/paint.png\" alt=\"Servicio Pintura Yates\" class=\"wp-image-345\" srcset=\"https:\/\/www.skyocean.eu\/wp-content\/uploads\/2019\/09\/paint.png 375w, https:\/\/www.skyocean.eu\/wp-content\/uploads\/2019\/09\/paint-300x200.png 300w\" sizes=\"auto, (max-width: 375px) 100vw, 375px\" \/><\/a><\/figure><div class=\"wp-block-media-text__content\">\n<p>Servicio de pintura y reparaci\u00f3n de yates. Ofrecemos un servicio dise\u00f1ado para satisfacer todas sus necesidades. \u00a0<a href=\"https:\/\/www.skyocean.eu\/sky-ocean-abou-us\/\">SKY OCEAN<\/a>\u00a0ofrece un enfoque personalizado para la pintura de yates, proporcionando una recomendaci\u00f3n adecuada para las necesidades individuales de cada proyecto.<\/p>\n\n\n\n<p><a href=\"https:\/\/www.skyocean.eu\/sky-ocean-abou-us\/\">SKY OCEAN<\/a>\u00a0reconoce que la entrega de resultados de pintura de alta calidad es uno de los elementos m\u00e1s cr\u00edticos de sus proyectos de <em>refit<\/em>. Nuestra compa\u00f1\u00eda ha seleccionado un equipo de pintura altamente cualificado y eficiente preparado para afrontar los desaf\u00edos m\u00e1s dif\u00edciles y siempre ofrecer acabados de alta calidad en cada proyecto.<\/p>\n<\/div><\/div>\n","protected":false},"excerpt":{"rendered":"<p>Servicio de pintura y reparaci\u00f3n de yates. Ofrecemos un servicio dise\u00f1ado para satisfacer todas sus necesidades. \u00a0SKY OCEAN\u00a0ofrece un enfoque personalizado para la pintura de yates, proporcionando una recomendaci\u00f3n adecuada para las necesidades individuales de cada proyecto. SKY OCEAN\u00a0reconoce que la entrega de resultados de pintura de alta calidad es uno de los elementos m\u00e1s&hellip; <br \/> <a class=\"read-more\" href=\"https:\/\/www.skyocean.eu\/es\/services\/yachts-painting-services\/\">Leer m\u00e1s<\/a><\/p>\n","protected":false},"author":1,"featured_media":371,"parent":24,"menu_order":0,"comment_status":"closed","ping_status":"closed","template":"","meta":{"_monsterinsights_skip_tracking":false,"_monsterinsights_sitenote_active":false,"_monsterinsights_sitenote_note":"","_monsterinsights_sitenote_category":0,"_uf_show_specific_survey":0,"_uf_disable_surveys":false,"footnotes":""},"class_list":["post-451","page","type-page","status-publish","has-post-thumbnail","hentry"],"aioseo_notices":[],"jetpack_sharing_enabled":true,"_links":{"self":[{"href":"https:\/\/www.skyocean.eu\/es\/wp-json\/wp\/v2\/pages\/451","targetHints":{"allow":["GET"]}}],"collection":[{"href":"https:\/\/www.skyocean.eu\/es\/wp-json\/wp\/v2\/pages"}],"about":[{"href":"https:\/\/www.skyocean.eu\/es\/wp-json\/wp\/v2\/types\/page"}],"author":[{"embeddable":true,"href":"https:\/\/www.skyocean.eu\/es\/wp-json\/wp\/v2\/users\/1"}],"replies":[{"embeddable":true,"href":"https:\/\/www.skyocean.eu\/es\/wp-json\/wp\/v2\/comments?post=451"}],"version-history":[{"count":11,"href":"https:\/\/www.skyocean.eu\/es\/wp-json\/wp\/v2\/pages\/451\/revisions"}],"predecessor-version":[{"id":851,"href":"https:\/\/www.skyocean.eu\/es\/wp-json\/wp\/v2\/pages\/451\/revisions\/851"}],"up":[{"embeddable":true,"href":"https:\/\/www.skyocean.eu\/es\/wp-json\/wp\/v2\/pages\/24"}],"wp:featuredmedia":[{"embeddable":true,"href":"https:\/\/www.skyocean.eu\/es\/wp-json\/wp\/v2\/media\/371"}],"wp:attachment":[{"href":"https:\/\/www.skyocean.eu\/es\/wp-json\/wp\/v2\/media?parent=451"}],"curies":[{"name":"wp","href":"https:\/\/api.w.org\/{rel}","templated":true}]}}