{"id":22,"date":"2019-07-08T13:05:40","date_gmt":"2019-07-08T11:05:40","guid":{"rendered":"http:\/\/www.skyocean.eu\/web\/?page_id=22"},"modified":"2024-05-09T00:01:35","modified_gmt":"2024-05-08T22:01:35","slug":"sky-ocean-abou-us","status":"publish","type":"page","link":"https:\/\/www.skyocean.eu\/es\/sky-ocean-abou-us\/","title":{"rendered":"Sobre Nosotros SKY OCEAN"},"content":{"rendered":"\n<div class=\"wp-block-columns is-layout-flex wp-container-core-columns-is-layout-9d6595d7 wp-block-columns-is-layout-flex\">\n<div class=\"wp-block-column is-layout-flow wp-block-column-is-layout-flow\">\n<h2 class=\"wp-block-heading\">EXCELENCIA Y PROFESIONALIDAD<\/h2>\n\n\n\n<p>Una buena gesti\u00f3n de un reacondicionamiento y reparaci\u00f3n garantizar\u00e1 la capacidad operativa segura de su yate. En SKY OCEAN ofrecemos el beneficio de nuestros muchos a\u00f1os de experiencia en astilleros. Nos aseguramos de que los plazos del proyecto sean realistas y se mantengan los presupuestos.<\/p>\n<\/div>\n<\/div>\n\n\n\n<div style=\"height:50px\" aria-hidden=\"true\" class=\"wp-block-spacer\"><\/div>\n\n\n\n<div class=\"wp-block-columns is-layout-flex wp-container-core-columns-is-layout-9d6595d7 wp-block-columns-is-layout-flex\">\n<div class=\"wp-block-column is-layout-flow wp-block-column-is-layout-flow\">\n<h3 class=\"wp-block-heading\">SERVICIOS DE PINTURA PARA SUPER YATES<\/h3>\n\n\n\n<p>Estamos especializados en servicios de acabado, repintado y reacondicionamiento para super yates \u00fanicos. Ofrecemos un servicio dise\u00f1ado para satisfacer todas sus necesidades, con a\u00f1os de experiencia en todos los campos de la pintura de yates. SKY OCEAN ofrece un enfoque personalizado para la pintura de yates, proporcionando una recomendaci\u00f3n adecuada para las necesidades individuales de cada proyecto.<\/p>\n\n\n\n<p>SKY OCEAN ofrece unos resultados de pintura de la m\u00e1xima calidad que es uno de los elementos m\u00e1s cr\u00edticos de sus proyectos de reacondicionamiento. Nuestra empresa ha<\/p>\n\n\n\n<p>perfeccionado sistem\u00e1ticamente un equipo de pintura altamente cualificado y eficiente, preparado para afrontar los retos m\u00e1s dif\u00edciles y ofrecer siempre acabados de m\u00e1xima calidad en cada proyecto. Nuestro equipo ha dado la talla en todos los proyectos de pintura realizados hasta la fecha.<\/p>\n\n\n\n<p>Trabajamos en todo el mundo, tanto en proyectos de nueva construcci\u00f3n como de renovaci\u00f3n. Apasionados por nuestro trabajo, nuestra continua implicaci\u00f3n en nuevos proyectos garantiza que estamos al corriente de los \u00faltimos avances tecnol\u00f3gicos.<\/p>\n<\/div>\n\n\n\n<div class=\"wp-block-column is-layout-flow wp-block-column-is-layout-flow\">\n<figure class=\"wp-block-image size-large\"><img loading=\"lazy\" decoding=\"async\" width=\"1024\" height=\"768\" src=\"https:\/\/www.skyocean.eu\/wp-content\/uploads\/2019\/09\/Foto-per-about-us-1024x768.jpg\" alt=\"\" class=\"wp-image-480\" srcset=\"https:\/\/www.skyocean.eu\/wp-content\/uploads\/2019\/09\/Foto-per-about-us-1024x768.jpg 1024w, https:\/\/www.skyocean.eu\/wp-content\/uploads\/2019\/09\/Foto-per-about-us-300x225.jpg 300w, https:\/\/www.skyocean.eu\/wp-content\/uploads\/2019\/09\/Foto-per-about-us-768x576.jpg 768w, https:\/\/www.skyocean.eu\/wp-content\/uploads\/2019\/09\/Foto-per-about-us-1440x1080.jpg 1440w\" sizes=\"auto, (max-width: 1024px) 100vw, 1024px\" \/><\/figure>\n<\/div>\n<\/div>\n","protected":false},"excerpt":{"rendered":"<p>EXCELENCIA Y PROFESIONALIDAD Una buena gesti\u00f3n de un reacondicionamiento y reparaci\u00f3n garantizar\u00e1 la capacidad operativa segura de su yate. En SKY OCEAN ofrecemos el beneficio de nuestros muchos a\u00f1os de experiencia en astilleros. Nos aseguramos de que los plazos del proyecto sean realistas y se mantengan los presupuestos. SERVICIOS DE PINTURA PARA SUPER YATES Estamos&hellip; <br \/> <a class=\"read-more\" href=\"https:\/\/www.skyocean.eu\/es\/sky-ocean-abou-us\/\">Leer m\u00e1s<\/a><\/p>\n","protected":false},"author":1,"featured_media":772,"parent":0,"menu_order":0,"comment_status":"closed","ping_status":"closed","template":"","meta":{"_monsterinsights_skip_tracking":false,"_monsterinsights_sitenote_active":false,"_monsterinsights_sitenote_note":"","_monsterinsights_sitenote_category":0,"_uf_show_specific_survey":0,"_uf_disable_surveys":false,"footnotes":""},"class_list":["post-22","page","type-page","status-publish","has-post-thumbnail","hentry"],"aioseo_notices":[],"jetpack_sharing_enabled":true,"_links":{"self":[{"href":"https:\/\/www.skyocean.eu\/es\/wp-json\/wp\/v2\/pages\/22","targetHints":{"allow":["GET"]}}],"collection":[{"href":"https:\/\/www.skyocean.eu\/es\/wp-json\/wp\/v2\/pages"}],"about":[{"href":"https:\/\/www.skyocean.eu\/es\/wp-json\/wp\/v2\/types\/page"}],"author":[{"embeddable":true,"href":"https:\/\/www.skyocean.eu\/es\/wp-json\/wp\/v2\/users\/1"}],"replies":[{"embeddable":true,"href":"https:\/\/www.skyocean.eu\/es\/wp-json\/wp\/v2\/comments?post=22"}],"version-history":[{"count":48,"href":"https:\/\/www.skyocean.eu\/es\/wp-json\/wp\/v2\/pages\/22\/revisions"}],"predecessor-version":[{"id":1114,"href":"https:\/\/www.skyocean.eu\/es\/wp-json\/wp\/v2\/pages\/22\/revisions\/1114"}],"wp:featuredmedia":[{"embeddable":true,"href":"https:\/\/www.skyocean.eu\/es\/wp-json\/wp\/v2\/media\/772"}],"wp:attachment":[{"href":"https:\/\/www.skyocean.eu\/es\/wp-json\/wp\/v2\/media?parent=22"}],"curies":[{"name":"wp","href":"https:\/\/api.w.org\/{rel}","templated":true}]}}