{"id":1078,"date":"2024-05-08T23:14:37","date_gmt":"2024-05-08T21:14:37","guid":{"rendered":"https:\/\/www.skyocean.eu\/?page_id=1078"},"modified":"2024-05-08T23:26:57","modified_gmt":"2024-05-08T21:26:57","slug":"cookies-policy","status":"publish","type":"page","link":"https:\/\/www.skyocean.eu\/es\/cookies-policy\/","title":{"rendered":"Pol\u00edtica de Cookies"},"content":{"rendered":"\n<p>Pol\u00edtica de Cookies: Una Cookie es un fichero que se descarga en su ordenador al acceder a determinadas p\u00e1ginas web. Las cookies permiten a una p\u00e1gina web, entre otras cosas, almacenar y recuperar informaci\u00f3n sobre los h\u00e1bitos de navegaci\u00f3n de un usuario o de su equipo y, dependiendo de la informaci\u00f3n que contenga y de la forma en que utilice su equipo, pueden utilizarse para reconocer al usuario.<\/p>\n\n\n\n<p>Las cookies son esenciales para el funcionamiento de internet, aportando innumerables ventajas en la prestaci\u00f3n de servicios interactivos, facilit\u00e1ndole la navegaci\u00f3n y usabilidad de nuestra web.<\/p>\n\n\n\n<p>La informaci\u00f3n que le proporcionamos a continuaci\u00f3n, le ayudar\u00e1 a comprender los diferentes tipos de cookies:<\/p>\n\n\n\n<h3 class=\"wp-block-heading\"><strong>TIPOS DE COOKIES<\/strong><\/h3>\n\n\n\n<p>SEG\u00daN LA ENTIDAD QUE LAS GESTIONE<\/p>\n\n\n\n<p>Cookies propias: Son aquellas que se recaban por el propio editor para prestar el servicio solicitado por el usuario.<\/p>\n\n\n\n<p>Cookies de tercero: Son aquellas que son recabadas y gestionadas por un tercero, estas no se pueden considerar propias.<\/p>\n\n\n\n<p>SEG\u00daN EL PLAZO DE TIEMPO QUE PERMANEZCAN ACTIVADAS<\/p>\n\n\n\n<p>Cookies de sesi\u00f3n: Recaban datos mientras el usuario navega por la red con la finalidad de prestar el servicio solicitado.<\/p>\n\n\n\n<p>Cookies persistentes: Se almacenan en el terminal y la informaci\u00f3n obtenida, ser\u00e1 utilizada por el responsable de la cookie con la finalidad de prestar el servicio solicitado.<\/p>\n\n\n\n<p>SEG\u00daN SU FINALIDAD<\/p>\n\n\n\n<p>t\u00e9cnicas: Son las necesarias para la correcta navegaci\u00f3n por la web.<\/p>\n\n\n\n<p>de personalizaci\u00f3n: Permiten al usuario las caracter\u00edsticas (idioma) para la navegaci\u00f3n por la website<\/p>\n\n\n\n<p>de an\u00e1lisis: Permiten al prestador el an\u00e1lisis vinculado a la navegaci\u00f3n realizada por el usuario, con la finalidad de llevar un seguimiento de uso de la p\u00e1gina web, as\u00ed como realizar estad\u00edsticas de los contenidos m\u00e1s visitados, n\u00famero de visitantes, etc.<\/p>\n\n\n\n<p>publicitarias: Permiten al editor incluir en la web, espacios publicitarios, seg\u00fan el contenido de la propia web.<\/p>\n\n\n\n<p>de publicidad comportamental: Permiten al editor incluir en la p\u00e1gina web espacios publicitarios seg\u00fan la informaci\u00f3n obtenida a trav\u00e9s de los h\u00e1bitos de navegaci\u00f3n del usuario.<\/p>\n\n\n\n<h3 class=\"wp-block-heading\"><strong>USO DE COOKIES<\/strong><\/h3>\n\n\n\n<p>Seg\u00fan lo dispuesto en el art\u00edculo 22.2 de la Ley <a rel=\"noreferrer noopener\" href=\"https:\/\/www.boe.es\/eli\/es\/l\/2002\/07\/11\/34\/con\" target=\"_blank\">34\/2002<\/a>, de 11 de julio, de Servicios de la Sociedad de la Informaci\u00f3n y de Comercio Electr\u00f3nico (LSSI-CE), didal.com serveis din\u00e0mics S.L.U. informa de las cookies utilizadas en nuestra website:<\/p>\n\n\n\n<p>Asimismo, didal.com serveis din\u00e0mics S.L.U. informa al usuario de que tiene la posibilidad de configurar su navegador de modo que se le informe de la recepci\u00f3n de cookies, pudiendo, si as\u00ed lo desea, impedir que sean instaladas en su disco duro. A continuaci\u00f3n le proporcionamos los enlaces de diversos navegadores, a trav\u00e9s de los cuales podr\u00e1 realizar dicha configuraci\u00f3n:<\/p>\n\n\n\n<ul class=\"wp-block-list\">\n<li>Firefox desde aqu\u00ed: <a href=\"http:\/\/support.mozilla.org\/es\/kb\/habilitar-y-deshabilitar-cookies-que-los-sitios-we\">http:\/\/support.mozilla.org\/es\/kb\/habilitar-y-deshabilitar-cookies-que-los-sitios-we<\/a><\/li>\n\n\n\n<li>Chrome desde aqu\u00ed: <a href=\"http:\/\/support.google.com\/chrome\/bin\/answer.py?hl=es&#038;answer=95647\">http:\/\/support.google.com\/chrome\/bin\/answer.py?hl=es&#038;answer=95647<\/a><\/li>\n\n\n\n<li>Explorer desde aqu\u00ed: <a href=\"http:\/\/windows.microsoft.com\/es-es\/internet-explorer\/delete-manage-cookies#ie=ie-10\">http:\/\/windows.microsoft.com\/es-es\/internet-explorer\/delete-manage-cookies#ie=ie-10<\/a><\/li>\n\n\n\n<li>Safari desde aqu\u00ed: <a href=\"https:\/\/support.apple.com\/kb\/ph17191?locale=es_ES\">https:\/\/support.apple.com\/kb\/ph17191?locale=es_ES<\/a><\/li>\n\n\n\n<li>Opera desde aqu\u00ed: <a href=\"http:\/\/help.opera.com\/Windows\/11.50\/es-ES\/cookies.html\">http:\/\/help.opera.com\/Windows\/11.50\/es-ES\/cookies.html<\/a><\/li>\n<\/ul>\n\n\n\n<h3 class=\"wp-block-heading\"><strong>COOKIES QUE UTILIZA ESTE SITIO<\/strong><\/h3>\n\n\n\n<p><em>PHPSESSID<\/em> de tipo sesi\u00f3n: Esta cookie es usado por el lenguaje de encriptado PHP para permitir que las variables de sesi\u00f3n sean guardadas en el servidor web. Esta cookies es esencial para el funcionamiento de la web.<\/p>\n\n\n\n<p><em>lenguage<\/em> de tipo sesi\u00f3n: Este cookie le permite a wordpress saber el idioma que has seleccionado , mientras permaneces en nuestra p\u00e1gina. Esta variable de sesi\u00f3n se guarda en el servidor web.<\/p>\n\n\n\n<p><em>wordpress_test_cookie<\/em> de tipo sesi\u00f3n: Comprueba si las cookies est\u00e1n habilitadas para proporcionar una experiencia de usuario adecuada. Esta variable de sesi\u00f3n se guarda en el servidor web. Esta cookies es esencial para el funcionamiento de la web.<\/p>\n\n\n\n<p><em>tk_tc<\/em> de tipo sesi\u00f3n: se utilizan para analizar el comportamiento de referencia porqu\u00e9 este est\u00e1 conectados de Jetpack.<\/p>\n\n\n\n<p><em>wordpress_logged_in*<\/em> de tipo sesi\u00f3n: Comprueba si el visitante actual es un usuario registrado de WordPress.com. Esta variable de sesi\u00f3n se guarda en el servidor web.<\/p>\n\n\n\n<p><em>wp-settings-{user_id}<\/em> de tipo sesi\u00f3n: Mantiene la configuraci\u00f3n wp-admin de un usuario validado. Esta variable de sesi\u00f3n se guarda en el servidor web.<\/p>\n\n\n\n<p>Para m\u00e1s informaci\u00f3n puede consultar nuestro <a href=\"https:\/\/www.skyocean.eu\/es\/legal-advice\/\" title=\"\">Av\u00edso legal<\/a><\/p>\n","protected":false},"excerpt":{"rendered":"<p>Pol\u00edtica de Cookies: Una Cookie es un fichero que se descarga en su ordenador al acceder a determinadas p\u00e1ginas web. Las cookies permiten a una p\u00e1gina web, entre otras cosas, almacenar y recuperar informaci\u00f3n sobre los h\u00e1bitos de navegaci\u00f3n de un usuario o de su equipo y, dependiendo de la informaci\u00f3n que contenga y de&hellip; <br \/> <a class=\"read-more\" href=\"https:\/\/www.skyocean.eu\/es\/cookies-policy\/\">Leer m\u00e1s<\/a><\/p>\n","protected":false},"author":1,"featured_media":0,"parent":0,"menu_order":0,"comment_status":"closed","ping_status":"closed","template":"","meta":{"_monsterinsights_skip_tracking":false,"_monsterinsights_sitenote_active":false,"_monsterinsights_sitenote_note":"","_monsterinsights_sitenote_category":0,"_uf_show_specific_survey":0,"_uf_disable_surveys":false,"footnotes":""},"class_list":["post-1078","page","type-page","status-publish","hentry"],"aioseo_notices":[],"jetpack_sharing_enabled":true,"_links":{"self":[{"href":"https:\/\/www.skyocean.eu\/es\/wp-json\/wp\/v2\/pages\/1078","targetHints":{"allow":["GET"]}}],"collection":[{"href":"https:\/\/www.skyocean.eu\/es\/wp-json\/wp\/v2\/pages"}],"about":[{"href":"https:\/\/www.skyocean.eu\/es\/wp-json\/wp\/v2\/types\/page"}],"author":[{"embeddable":true,"href":"https:\/\/www.skyocean.eu\/es\/wp-json\/wp\/v2\/users\/1"}],"replies":[{"embeddable":true,"href":"https:\/\/www.skyocean.eu\/es\/wp-json\/wp\/v2\/comments?post=1078"}],"version-history":[{"count":6,"href":"https:\/\/www.skyocean.eu\/es\/wp-json\/wp\/v2\/pages\/1078\/revisions"}],"predecessor-version":[{"id":1090,"href":"https:\/\/www.skyocean.eu\/es\/wp-json\/wp\/v2\/pages\/1078\/revisions\/1090"}],"wp:attachment":[{"href":"https:\/\/www.skyocean.eu\/es\/wp-json\/wp\/v2\/media?parent=1078"}],"curies":[{"name":"wp","href":"https:\/\/api.w.org\/{rel}","templated":true}]}}