{"id":616,"date":"2020-01-24T12:15:42","date_gmt":"2020-01-24T11:15:42","guid":{"rendered":"https:\/\/www.skyocean.eu\/?page_id=616"},"modified":"2024-05-08T23:53:22","modified_gmt":"2024-05-08T21:53:22","slug":"begin","status":"publish","type":"page","link":"https:\/\/www.skyocean.eu\/ca\/","title":{"rendered":"INICI"},"content":{"rendered":"\n<h2 class=\"wp-block-heading has-text-align-center\">EXCEL\u00b7L\u00c8NCIA I PROFESSIONALITAT<\/h2>\n\n\n\n<div style=\"height:20px\" aria-hidden=\"true\" class=\"wp-block-spacer\"><\/div>\n\n\n\n<p class=\"has-text-color has-link-color wp-elements-6354b623f2d6fd476efbd0ed44afa622\" style=\"color:#444444;font-size:18px\">Una bona gesti\u00f3 d&#8217;un recondicionament i reparaci\u00f3 garantir\u00e0 la capacitat operativa segura del vostre iot. A SKY OCEAN oferim anys d&#8217;experi\u00e8ncia en drassanes. Ens assegurem que els terminis del projecte siguin realistes i es mantinguin els pressupostos.<\/p>\n\n\n\n<div style=\"height:50px\" aria-hidden=\"true\" class=\"wp-block-spacer\"><\/div>\n\n\n\n<h2 class=\"wp-block-heading has-text-align-center\">SERVEIS DE PINTURA PER A SUPER IOTS<\/h2>\n\n\n\n<div style=\"height:20px\" aria-hidden=\"true\" class=\"wp-block-spacer\"><\/div>\n\n\n\n<p class=\"has-text-color has-link-color wp-elements-9865366a1182f86dbd5a831f4aa7fbc6\" style=\"color:#444444;font-size:18px\">Estem especialitzats en serveis d&#8217;acabat, repintat i rea-condicionament per a super iots. Oferim un servei dissenyat per satisfer totes les vostres necessitats, amb anys d&#8217;experi\u00e8ncia en tots els camps de la pintura de iots. SKY OCEAN ofereix un enfocament personalitzat per a la pintura de iots, proporcionant una recomanaci\u00f3 adequada per a les necessitats individuals de cada projecte.<\/p>\n\n\n\n<p class=\"has-text-color has-link-color wp-elements-73af0af78b9adedabad48e48a9c7e671\" style=\"color:#444444;font-size:18px\">SKY OCEAN ofereix uns resultats de pintura de la m\u00e0xima qualitat que \u00e9s un dels elements m\u00e9s cr\u00edtics de cada projecte de recondicionament. La nostra empresa ha perfeccionat sistem\u00e0ticament un equip de pintura altament qualificat i eficient, preparat per afrontar els reptes m\u00e9s dif\u00edcils i oferir sempre acabats de m\u00e0xima qualitat a cada projecte. El nostre equip ha donat la talla en tots els projectes de pintura realitzats fins avui.<\/p>\n\n\n\n<p class=\"has-text-color has-link-color wp-elements-a14b2ab0493c9bd83fad33eab11aad2e\" style=\"color:#444444;font-size:18px\">Treballem a tot el m\u00f3n, tant en projectes de nova construcci\u00f3 com de renovaci\u00f3. Apassionats pel nostre treball, la nostra cont\u00ednua implicaci\u00f3 en nous projectes garanteix que estem al corrent dels darrers aven\u00e7os tecnol\u00f2gics.<\/p>\n\n\n\n<div style=\"height:50px\" aria-hidden=\"true\" class=\"wp-block-spacer\"><\/div>\n\n\n\n<h2 class=\"wp-block-heading has-text-align-center\">Els nostres serveis<\/h2>\n\n\n\n<div style=\"height:20px\" aria-hidden=\"true\" class=\"wp-block-spacer\"><\/div>\n\n\n\n<div class=\"wp-block-columns is-layout-flex wp-container-core-columns-is-layout-9d6595d7 wp-block-columns-is-layout-flex\">\n<div class=\"wp-block-column is-layout-flow wp-block-column-is-layout-flow\" style=\"flex-basis:49%\">            <div class=\"oxi-addons-container noLightbox oxi-image-hover-wrapper-4 \" id=\"oxi-image-hover-wrapper-4\">\n                <div class=\"oxi-addons-row\">\n                                <div class=\"oxi-image-hover-style oxi-bt-col-lg-12 oxi-bt-col-md-12 oxi-bt-col-sm-12                         \" >\n                <div class=\"oxi-image-hover-style-square\">\n                    <div class=\"oxi-image-hover oxi-image-square-hover oxi-image-square-hover-style-3 oxi-image-square-hover-4-4\">\n                                                    <a  href=\"http:\/\/www.skyocean.eu\/yachts-painting-services\/\" rel=\"nofollow\">\n                                                            <div class=\"oxi-image-hover-figure left_to_right\">\n                                <div class=\"oxi-image-hover-image\">\n                                    <img decoding=\"async\" src=\"http:\/\/www.skyocean.eu\/wp-content\/uploads\/2019\/09\/paint.png\" >\n                                <\/div>\n                                <div class=\"mask1\"><\/div>\n                                <div class=\"mask2\"><\/div>\n                                <div class=\"oxi-image-hover-figure-caption\">\n                                    <div class=\"oxi-image-hover-caption-tab image-hover-align-top-center\">\n                                                                                    <div class=\"oxi-image-hover-figure-heading iheu-fade-up \"><h3 class=\"oxi-image-hover-heading \n                                            oxi-image-hover-heading-underline                                                \">Painting<\/h3><\/div>\n                                                                                    <\/div>\n                                <\/div>\n                            <\/div>\n                                                        <\/a>\n\t\t\t\t\t\t\t\t                    <\/div>\n                <\/div>\n                                <\/div>\n                                <\/div>\n            <\/div>\n\t\t\t\n<\/div>\n\n\n\n<div class=\"wp-block-column is-layout-flow wp-block-column-is-layout-flow\" style=\"flex-basis:2%\">\n<div style=\"height:20px\" aria-hidden=\"true\" class=\"wp-block-spacer\"><\/div>\n<\/div>\n\n\n\n<div class=\"wp-block-column is-layout-flow wp-block-column-is-layout-flow\" style=\"flex-basis:49%\">            <div class=\"oxi-addons-container noLightbox oxi-image-hover-wrapper-3 \" id=\"oxi-image-hover-wrapper-3\">\n                <div class=\"oxi-addons-row\">\n                                <div class=\"oxi-image-hover-style oxi-bt-col-lg-12 oxi-bt-col-md-12 oxi-bt-col-sm-12                         \" >\n                <div class=\"oxi-image-hover-style-square\">\n                    <div class=\"oxi-image-hover oxi-image-square-hover oxi-image-square-hover-style-3 oxi-image-square-hover-3-3\">\n                                                    <a  href=\"http:\/\/www.skyocean.eu\/yacht-mechanical-engineering\/\" rel=\"nofollow\">\n                                                            <div class=\"oxi-image-hover-figure left_to_right\">\n                                <div class=\"oxi-image-hover-image\">\n                                    <img decoding=\"async\" src=\"http:\/\/www.skyocean.eu\/wp-content\/uploads\/2019\/09\/engine4.jpg\" >\n                                <\/div>\n                                <div class=\"mask1\"><\/div>\n                                <div class=\"mask2\"><\/div>\n                                <div class=\"oxi-image-hover-figure-caption\">\n                                    <div class=\"oxi-image-hover-caption-tab image-hover-align-top-center\">\n                                                                                    <div class=\"oxi-image-hover-figure-heading iheu-zoom-in \"><h3 class=\"oxi-image-hover-heading \n                                            oxi-image-hover-heading-underline                                                \">Mechanical Engineering<\/h3><\/div>\n                                                                                    <\/div>\n                                <\/div>\n                            <\/div>\n                                                        <\/a>\n\t\t\t\t\t\t\t\t                    <\/div>\n                <\/div>\n                                <\/div>\n                                <\/div>\n            <\/div>\n\t\t\t\n<\/div>\n<\/div>\n\n\n\n<div class=\"wp-block-columns is-layout-flex wp-container-core-columns-is-layout-9d6595d7 wp-block-columns-is-layout-flex\">\n<div class=\"wp-block-column is-layout-flow wp-block-column-is-layout-flow\" style=\"flex-basis:49%\">            <div class=\"oxi-addons-container noLightbox oxi-image-hover-wrapper-5 \" id=\"oxi-image-hover-wrapper-5\">\n                <div class=\"oxi-addons-row\">\n                                <div class=\"oxi-image-hover-style oxi-bt-col-lg-12 oxi-bt-col-md-12 oxi-bt-col-sm-12                         \" >\n                <div class=\"oxi-image-hover-style-square\">\n                    <div class=\"oxi-image-hover oxi-image-square-hover oxi-image-square-hover-style-3 oxi-image-square-hover-5-5\">\n                                                    <a  href=\"http:\/\/www.skyocean.eu\/services\/yachts-rigging\/\" rel=\"nofollow\">\n                                                            <div class=\"oxi-image-hover-figure left_to_right\">\n                                <div class=\"oxi-image-hover-image\">\n                                    <img decoding=\"async\" src=\"http:\/\/www.skyocean.eu\/wp-content\/uploads\/2019\/09\/rig.png\" >\n                                <\/div>\n                                <div class=\"mask1\"><\/div>\n                                <div class=\"mask2\"><\/div>\n                                <div class=\"oxi-image-hover-figure-caption\">\n                                    <div class=\"oxi-image-hover-caption-tab image-hover-align-top-center\">\n                                                                                    <div class=\"oxi-image-hover-figure-heading iheu-fade-up \"><h3 class=\"oxi-image-hover-heading \n                                            oxi-image-hover-heading-underline                                                \">Rigging<\/h3><\/div>\n                                                                                    <\/div>\n                                <\/div>\n                            <\/div>\n                                                        <\/a>\n\t\t\t\t\t\t\t\t                    <\/div>\n                <\/div>\n                                <\/div>\n                                <\/div>\n            <\/div>\n\t\t\t\n<\/div>\n\n\n\n<div class=\"wp-block-column is-layout-flow wp-block-column-is-layout-flow\" style=\"flex-basis:2%\">\n<div style=\"height:20px\" aria-hidden=\"true\" class=\"wp-block-spacer\"><\/div>\n<\/div>\n\n\n\n<div class=\"wp-block-column is-layout-flow wp-block-column-is-layout-flow\" style=\"flex-basis:49%\">            <div class=\"oxi-addons-container noLightbox oxi-image-hover-wrapper-6 \" id=\"oxi-image-hover-wrapper-6\">\n                <div class=\"oxi-addons-row\">\n                                <div class=\"oxi-image-hover-style oxi-bt-col-lg-12 oxi-bt-col-md-12 oxi-bt-col-sm-12                         \" >\n                <div class=\"oxi-image-hover-style-square\">\n                    <div class=\"oxi-image-hover oxi-image-square-hover oxi-image-square-hover-style-3 oxi-image-square-hover-6-6\">\n                                                    <a  href=\"http:\/\/www.skyocean.eu\/services\/yachts-tenders\/\" rel=\"nofollow\">\n                                                            <div class=\"oxi-image-hover-figure left_to_right\">\n                                <div class=\"oxi-image-hover-image\">\n                                    <img decoding=\"async\" src=\"http:\/\/www.skyocean.eu\/wp-content\/uploads\/2019\/09\/Foto-tender.png\" >\n                                <\/div>\n                                <div class=\"mask1\"><\/div>\n                                <div class=\"mask2\"><\/div>\n                                <div class=\"oxi-image-hover-figure-caption\">\n                                    <div class=\"oxi-image-hover-caption-tab image-hover-align-top-center\">\n                                                                                    <div class=\"oxi-image-hover-figure-heading iheu-fade-up \"><h3 class=\"oxi-image-hover-heading \n                                            oxi-image-hover-heading-underline                                                \">Tenders<\/h3><\/div>\n                                                                                    <\/div>\n                                <\/div>\n                            <\/div>\n                                                        <\/a>\n\t\t\t\t\t\t\t\t                    <\/div>\n                <\/div>\n                                <\/div>\n                                <\/div>\n            <\/div>\n\t\t\t\n<\/div>\n<\/div>\n\n\n\n<div style=\"height:50px\" aria-hidden=\"true\" class=\"wp-block-spacer\"><\/div>\n\n\n\n<h2 class=\"wp-block-heading has-text-align-center\">Serveis oficials<\/h2>\n\n\n\n<div style=\"height:20px\" aria-hidden=\"true\" class=\"wp-block-spacer\"><\/div>\n\n\n\n<div class=\"wp-block-columns is-layout-flex wp-container-core-columns-is-layout-9d6595d7 wp-block-columns-is-layout-flex\">\n<div class=\"wp-block-column is-layout-flow wp-block-column-is-layout-flow\">\n<figure class=\"wp-block-image size-full\"><a href=\"https:\/\/www.castoldijet.it\/\" target=\"_blank\" rel=\"noopener noreferrer\"><img loading=\"lazy\" decoding=\"async\" width=\"319\" height=\"150\" src=\"https:\/\/www.skyocean.eu\/wp-content\/uploads\/2020\/01\/service02.png\" alt=\"\" class=\"wp-image-662\" srcset=\"https:\/\/www.skyocean.eu\/wp-content\/uploads\/2020\/01\/service02.png 319w, https:\/\/www.skyocean.eu\/wp-content\/uploads\/2020\/01\/service02-300x141.png 300w\" sizes=\"auto, (max-width: 319px) 100vw, 319px\" \/><\/a><\/figure>\n<\/div>\n\n\n\n<div class=\"wp-block-column is-layout-flow wp-block-column-is-layout-flow\">\n<figure class=\"wp-block-image size-large\"><a href=\"https:\/\/applelecmarine.com\/\" target=\"_blank\" rel=\"noopener noreferrer\"><img loading=\"lazy\" decoding=\"async\" width=\"454\" height=\"150\" src=\"https:\/\/www.skyocean.eu\/wp-content\/uploads\/2020\/01\/service06.png\" alt=\"\" class=\"wp-image-740\" srcset=\"https:\/\/www.skyocean.eu\/wp-content\/uploads\/2020\/01\/service06.png 454w, https:\/\/www.skyocean.eu\/wp-content\/uploads\/2020\/01\/service06-300x99.png 300w\" sizes=\"auto, (max-width: 454px) 100vw, 454px\" \/><\/a><\/figure>\n<\/div>\n<\/div>\n\n\n\n<div style=\"height:50px\" aria-hidden=\"true\" class=\"wp-block-spacer\"><\/div>\n\n\n\n<h2 class=\"wp-block-heading has-text-align-center\">Contacta amb nosaltres<\/h2>\n\n\n\n<div style=\"height:20px\" aria-hidden=\"true\" class=\"wp-block-spacer\"><\/div>\n\n\n\n<div class=\"wp-block-group\"><div class=\"wp-block-group__inner-container is-layout-constrained wp-block-group-is-layout-constrained\">\n<div class=\"wp-block-group\"><div class=\"wp-block-group__inner-container is-layout-constrained wp-block-group-is-layout-constrained\"><div class=\"wp-block-jetpack-contact-form wp-elements-e803128c712f959684cacd3cec5b34c6\"><a href=\"https:\/\/www.skyocean.eu\/ca\/\" target=\"_blank\" rel=\"noopener noreferrer\">Envia un formulari.<\/a><\/div>\n\n\n<figure class=\"wp-block-image size-full\"><img loading=\"lazy\" decoding=\"async\" width=\"2400\" height=\"352\" src=\"https:\/\/www.skyocean.eu\/wp-content\/uploads\/2024\/05\/triangle_gris.png\" alt=\"\" class=\"wp-image-1024\" srcset=\"https:\/\/www.skyocean.eu\/wp-content\/uploads\/2024\/05\/triangle_gris.png 2400w, https:\/\/www.skyocean.eu\/wp-content\/uploads\/2024\/05\/triangle_gris-300x44.png 300w, https:\/\/www.skyocean.eu\/wp-content\/uploads\/2024\/05\/triangle_gris-1024x150.png 1024w, https:\/\/www.skyocean.eu\/wp-content\/uploads\/2024\/05\/triangle_gris-768x113.png 768w, https:\/\/www.skyocean.eu\/wp-content\/uploads\/2024\/05\/triangle_gris-1536x225.png 1536w, https:\/\/www.skyocean.eu\/wp-content\/uploads\/2024\/05\/triangle_gris-2048x300.png 2048w, https:\/\/www.skyocean.eu\/wp-content\/uploads\/2024\/05\/triangle_gris-1920x282.png 1920w\" sizes=\"auto, (max-width: 2400px) 100vw, 2400px\" \/><\/figure>\n<\/div><\/div>\n<\/div><\/div>\n\n\n\n<div style=\"height:51px\" aria-hidden=\"true\" class=\"wp-block-spacer\"><\/div>\n\n\n\n<div class=\"wp-block-columns is-layout-flex wp-container-core-columns-is-layout-9d6595d7 wp-block-columns-is-layout-flex\">\n<div class=\"wp-block-column is-layout-flow wp-block-column-is-layout-flow\">\n<div class=\"wp-block-webfactory-map\"><div class=\"wp-block-webfactory-map\"><iframe loading=\"lazy\" title=\"Map\" width=\"100%\" height=\"385px\" src=\"https:\/\/www.google.com\/maps\/embed\/v1\/place?q=Muelle%20de%20Barcelona&#038;maptype=roadmap&#038;zoom=14&#038;key=AIzaSyCdUNPWlv7AVZsCm0oa7AiGXiM-vtr7Zjk\" frameborder=\"0\"><\/iframe><\/div><\/div>\n<\/div>\n\n\n\n<div class=\"wp-block-column is-layout-flow wp-block-column-is-layout-flow\">\n<h1 class=\"wp-block-heading\">Sol\u00b7licita el teu pressupost<\/h1>\n\n\n\n<div style=\"height:20px\" aria-hidden=\"true\" class=\"wp-block-spacer\"><\/div>\n\n\n\n<div class=\"wp-block-columns is-layout-flex wp-container-core-columns-is-layout-9d6595d7 wp-block-columns-is-layout-flex\">\n<div class=\"wp-block-column is-layout-flow wp-block-column-is-layout-flow\">\n<p class=\"has-very-dark-gray-color has-text-color has-medium-font-size\"><strong>Localitzaci\u00f3<\/strong><\/p>\n\n\n\n<p class=\"has-cyan-bluish-gray-color has-text-color\">WTC Barcelona<br>Muelle de Barcelona, Edificio Sur, 2\u00aa planta.<br>08039, Barcelona<\/p>\n\n\n\n<p class=\"has-cyan-bluish-gray-color has-text-color\"><\/p>\n<\/div>\n\n\n\n<div class=\"wp-block-column is-layout-flow wp-block-column-is-layout-flow\">\n<p class=\"has-very-dark-gray-color has-text-color has-medium-font-size\"><strong>Contacta<\/strong><\/p>\n\n\n\n<p class=\"has-cyan-bluish-gray-color has-text-color\">Tel\u00e8fon: + 34 685 411 925<\/p>\n\n\n\n<p class=\"has-cyan-bluish-gray-color has-text-color\">Email : info@skyocean.eu<\/p>\n<\/div>\n<\/div>\n<\/div>\n<\/div>\n","protected":false},"excerpt":{"rendered":"<p>EXCEL\u00b7L\u00c8NCIA I PROFESSIONALITAT Una bona gesti\u00f3 d&#8217;un recondicionament i reparaci\u00f3 garantir\u00e0 la capacitat operativa segura del vostre iot. A SKY OCEAN oferim anys d&#8217;experi\u00e8ncia en drassanes. Ens assegurem que els terminis del projecte siguin realistes i es mantinguin els pressupostos. SERVEIS DE PINTURA PER A SUPER IOTS Estem especialitzats en serveis d&#8217;acabat, repintat i rea-condicionament&hellip; <br \/> <a class=\"read-more\" href=\"https:\/\/www.skyocean.eu\/ca\/\">Read more<\/a><\/p>\n","protected":false},"author":1,"featured_media":0,"parent":0,"menu_order":0,"comment_status":"closed","ping_status":"closed","template":"page-templates\/homepage.php","meta":{"_monsterinsights_skip_tracking":false,"_monsterinsights_sitenote_active":false,"_monsterinsights_sitenote_note":"","_monsterinsights_sitenote_category":0,"_uf_show_specific_survey":0,"_uf_disable_surveys":false,"footnotes":""},"class_list":["post-616","page","type-page","status-publish","hentry"],"aioseo_notices":[],"jetpack_sharing_enabled":true,"_links":{"self":[{"href":"https:\/\/www.skyocean.eu\/ca\/wp-json\/wp\/v2\/pages\/616","targetHints":{"allow":["GET"]}}],"collection":[{"href":"https:\/\/www.skyocean.eu\/ca\/wp-json\/wp\/v2\/pages"}],"about":[{"href":"https:\/\/www.skyocean.eu\/ca\/wp-json\/wp\/v2\/types\/page"}],"author":[{"embeddable":true,"href":"https:\/\/www.skyocean.eu\/ca\/wp-json\/wp\/v2\/users\/1"}],"replies":[{"embeddable":true,"href":"https:\/\/www.skyocean.eu\/ca\/wp-json\/wp\/v2\/comments?post=616"}],"version-history":[{"count":130,"href":"https:\/\/www.skyocean.eu\/ca\/wp-json\/wp\/v2\/pages\/616\/revisions"}],"predecessor-version":[{"id":1106,"href":"https:\/\/www.skyocean.eu\/ca\/wp-json\/wp\/v2\/pages\/616\/revisions\/1106"}],"wp:attachment":[{"href":"https:\/\/www.skyocean.eu\/ca\/wp-json\/wp\/v2\/media?parent=616"}],"curies":[{"name":"wp","href":"https:\/\/api.w.org\/{rel}","templated":true}]}}