{"id":457,"date":"2019-09-16T21:16:03","date_gmt":"2019-09-16T19:16:03","guid":{"rendered":"http:\/\/www.skyocean.eu\/?page_id=457"},"modified":"2020-05-01T19:59:22","modified_gmt":"2020-05-01T17:59:22","slug":"yachts-rigging","status":"publish","type":"page","link":"https:\/\/www.skyocean.eu\/ca\/services\/yachts-rigging\/","title":{"rendered":"Aparells de Iots"},"content":{"rendered":"\n<div class=\"wp-block-media-text alignwide is-stacked-on-mobile\"><figure class=\"wp-block-media-text__media\"><a href=\"https:\/\/www.skyocean.eu\/wp-content\/uploads\/2019\/09\/rig.png\"><img loading=\"lazy\" decoding=\"async\" width=\"375\" height=\"250\" src=\"http:\/\/www.skyocean.eu\/wp-content\/uploads\/2019\/09\/rig.png\" alt=\"Aparells de Iots\" class=\"wp-image-355\" srcset=\"https:\/\/www.skyocean.eu\/wp-content\/uploads\/2019\/09\/rig.png 375w, https:\/\/www.skyocean.eu\/wp-content\/uploads\/2019\/09\/rig-300x200.png 300w\" sizes=\"auto, (max-width: 375px) 100vw, 375px\" \/><\/a><\/figure><div class=\"wp-block-media-text__content\">\n<p>Els millors Aparells de Iots. El nostre equip completament format i experimentat de\u00a0<a href=\"https:\/\/www.skyocean.eu\/sky-ocean-abou-us\/\">Sky Ocean<\/a>\u00a0est\u00e0 a l\u2019abast durant tot el projecte per oferir un servei d\u2019instal\u00b7laci\u00f3 complet. Aquesta experi\u00e8ncia i flexibilitat ens permet dissenyar i crear un sistema que compleixi els vostres requisits. Treballant amb arquitectes i dissenyadors, podem assessorar sobre l\u2019\u00e0mplia gamma de productes disponibles per assegurar-nos que nom\u00e9s s\u2019utilitzen els accessoris adequats. Tant si esteu competint al m\u00e9s alt nivell, amb el vostre club local o simplement navegant per plaer, la velocitat del vaixell \u00e9s important. Una de les \u00e0rees clau que requereixen una atenci\u00f3 regular \u00e9s configurar el pal per optimitzar-ne el rendiment.<\/p>\n<\/div><\/div>\n","protected":false},"excerpt":{"rendered":"<p>Els millors Aparells de Iots. El nostre equip completament format i experimentat de\u00a0Sky Ocean\u00a0est\u00e0 a l\u2019abast durant tot el projecte per oferir un servei d\u2019instal\u00b7laci\u00f3 complet. Aquesta experi\u00e8ncia i flexibilitat ens permet dissenyar i crear un sistema que compleixi els vostres requisits. Treballant amb arquitectes i dissenyadors, podem assessorar sobre l\u2019\u00e0mplia gamma de productes disponibles&hellip; <br \/> <a class=\"read-more\" href=\"https:\/\/www.skyocean.eu\/ca\/services\/yachts-rigging\/\">Read more<\/a><\/p>\n","protected":false},"author":1,"featured_media":371,"parent":24,"menu_order":3,"comment_status":"closed","ping_status":"closed","template":"","meta":{"_monsterinsights_skip_tracking":false,"_monsterinsights_sitenote_active":false,"_monsterinsights_sitenote_note":"","_monsterinsights_sitenote_category":0,"_uf_show_specific_survey":0,"_uf_disable_surveys":false,"footnotes":""},"class_list":["post-457","page","type-page","status-publish","has-post-thumbnail","hentry"],"aioseo_notices":[],"jetpack_sharing_enabled":true,"_links":{"self":[{"href":"https:\/\/www.skyocean.eu\/ca\/wp-json\/wp\/v2\/pages\/457","targetHints":{"allow":["GET"]}}],"collection":[{"href":"https:\/\/www.skyocean.eu\/ca\/wp-json\/wp\/v2\/pages"}],"about":[{"href":"https:\/\/www.skyocean.eu\/ca\/wp-json\/wp\/v2\/types\/page"}],"author":[{"embeddable":true,"href":"https:\/\/www.skyocean.eu\/ca\/wp-json\/wp\/v2\/users\/1"}],"replies":[{"embeddable":true,"href":"https:\/\/www.skyocean.eu\/ca\/wp-json\/wp\/v2\/comments?post=457"}],"version-history":[{"count":9,"href":"https:\/\/www.skyocean.eu\/ca\/wp-json\/wp\/v2\/pages\/457\/revisions"}],"predecessor-version":[{"id":848,"href":"https:\/\/www.skyocean.eu\/ca\/wp-json\/wp\/v2\/pages\/457\/revisions\/848"}],"up":[{"embeddable":true,"href":"https:\/\/www.skyocean.eu\/ca\/wp-json\/wp\/v2\/pages\/24"}],"wp:featuredmedia":[{"embeddable":true,"href":"https:\/\/www.skyocean.eu\/ca\/wp-json\/wp\/v2\/media\/371"}],"wp:attachment":[{"href":"https:\/\/www.skyocean.eu\/ca\/wp-json\/wp\/v2\/media?parent=457"}],"curies":[{"name":"wp","href":"https:\/\/api.w.org\/{rel}","templated":true}]}}