{"id":3,"date":"2019-07-08T10:53:24","date_gmt":"2019-07-08T08:53:24","guid":{"rendered":"http:\/\/www.skyocean.eu\/web\/?page_id=3"},"modified":"2024-05-08T23:40:03","modified_gmt":"2024-05-08T21:40:03","slug":"politica-privacidad","status":"publish","type":"page","link":"https:\/\/www.skyocean.eu\/ca\/politica-privacidad\/","title":{"rendered":"Privacy Policy"},"content":{"rendered":"\n<p>Pol\u00edtica de privacitat: De conformitat amb el que estableix la normativa vigent en Protecci\u00f3 de Dades de Car\u00e0cter Personal (RGPD) i la <a href=\"https:\/\/www.boe.es\/eli\/es\/l\/2002\/07\/11\/34\/con\" target=\"_blank\" rel=\"noreferrer noopener\">Llei 34\/2002<\/a>, de 11 de juliol, de Servicios de la Sociedad de la Informaci\u00f3n y de Comercio Electr\u00f3nico (LSSI-CE), skyocean l\u2019informa que les dades seran conservades durant el temps estrictament necessari per acomplir amb els preceptes mencionats en la seg\u00fcent informaci\u00f3.<\/p>\n\n\n\n<h3 class=\"wp-block-heading\"><strong><strong>Qui som<\/strong><\/strong><\/h3>\n\n\n\n<ul class=\"wp-block-list\">\n<li>skyocean <\/li>\n\n\n\n<li>CIF: B01950856<\/li>\n\n\n\n<li>adre\u00e7a social: WTC Barcelona Muelle de Barcelona, Edificio Sur, 2\u00aa planta. 08039, Barcelona<\/li>\n\n\n\n<li>adre\u00e7a web: https:\/\/www.skyocean.eu<\/li>\n<\/ul>\n\n\n\n<h3 class=\"wp-block-heading\"><strong>Quines dades recollim i perqu\u00e8 les recollim<\/strong><\/h3>\n\n\n\n<p>Quan els visitants omplen algun dels formularis del web, recopilem les dades que es mostren en el mateix, aix\u00ed com l\u2019adre\u00e7a IP del visitant i la cadena d\u2019agents d\u2019usuari de el navegador per ajudar a la detecci\u00f3 de spam.<\/p>\n\n\n\n<p>L\u2019informem que tractarem les seves dades d\u2019acord a l\u2019exist\u00e8ncia de el seu consentiment i \/ o la relaci\u00f3 contractual que mantenim amb vost\u00e8.<\/p>\n\n\n\n<p>skyocean informa que procedir\u00e0 a tractar les dades de manera l\u00edcita, lleial, transparent, adequada, pertinent, limitada, exacta i actualitzada. \u00c9s per aix\u00f2 que skyocean es compromet a adoptar totes les mesures raonables perqu\u00e8 aquests es suprimeixin o rectifiquin sense dilaci\u00f3 quan siguin inexactes.<\/p>\n\n\n\n<h3 class=\"wp-block-heading\"><strong>Acc\u00e9s, rectificaci\u00f3, limitaci\u00f3 i suspensi\u00f3<\/strong><\/h3>\n\n\n\n<p>D\u2019acord amb els drets que li confereix la normativa vigent en protecci\u00f3 de dades podr\u00e0 exercir els drets d\u2019acc\u00e9s, rectificaci\u00f3, limitaci\u00f3 de tractament, supressi\u00f3, portabilitat i oposici\u00f3 a el tractament de les seves dades de car\u00e0cter personal aix\u00ed com del consentiment prestat per al tractament dels mateixos, dirigint la seva petici\u00f3 a l\u2019adre\u00e7a postal indicada m\u00e9s amunt o al correu electr\u00f2nic <a href=\"mailto:info@skyocean.eu\">info@skyocean.eu<\/a>.<\/p>\n\n\n\n<p>Pot dirigir-se a l\u2019Autoritat de Control competent per a presentar la reclamaci\u00f3 que consideri oportuna<\/p>\n\n\n\n<p>Per a m\u00e9s informaci\u00f3 podeu consultar el nostre <a href=\"https:\/\/www.skyocean.eu\/ca\/legal-advice\/\" title=\"\">Av\u00eds legal<\/a><\/p>\n","protected":false},"excerpt":{"rendered":"<p>Pol\u00edtica de privacitat: De conformitat amb el que estableix la normativa vigent en Protecci\u00f3 de Dades de Car\u00e0cter Personal (RGPD) i la Llei 34\/2002, de 11 de juliol, de Servicios de la Sociedad de la Informaci\u00f3n y de Comercio Electr\u00f3nico (LSSI-CE), skyocean l\u2019informa que les dades seran conservades durant el temps estrictament necessari per acomplir&hellip; <br \/> <a class=\"read-more\" href=\"https:\/\/www.skyocean.eu\/ca\/politica-privacidad\/\">Read more<\/a><\/p>\n","protected":false},"author":1,"featured_media":0,"parent":0,"menu_order":0,"comment_status":"closed","ping_status":"closed","template":"","meta":{"_monsterinsights_skip_tracking":false,"_monsterinsights_sitenote_active":false,"_monsterinsights_sitenote_note":"","_monsterinsights_sitenote_category":0,"_uf_show_specific_survey":0,"_uf_disable_surveys":false,"footnotes":""},"class_list":["post-3","page","type-page","status-publish","hentry"],"aioseo_notices":[],"jetpack_sharing_enabled":true,"_links":{"self":[{"href":"https:\/\/www.skyocean.eu\/ca\/wp-json\/wp\/v2\/pages\/3","targetHints":{"allow":["GET"]}}],"collection":[{"href":"https:\/\/www.skyocean.eu\/ca\/wp-json\/wp\/v2\/pages"}],"about":[{"href":"https:\/\/www.skyocean.eu\/ca\/wp-json\/wp\/v2\/types\/page"}],"author":[{"embeddable":true,"href":"https:\/\/www.skyocean.eu\/ca\/wp-json\/wp\/v2\/users\/1"}],"replies":[{"embeddable":true,"href":"https:\/\/www.skyocean.eu\/ca\/wp-json\/wp\/v2\/comments?post=3"}],"version-history":[{"count":6,"href":"https:\/\/www.skyocean.eu\/ca\/wp-json\/wp\/v2\/pages\/3\/revisions"}],"predecessor-version":[{"id":1093,"href":"https:\/\/www.skyocean.eu\/ca\/wp-json\/wp\/v2\/pages\/3\/revisions\/1093"}],"wp:attachment":[{"href":"https:\/\/www.skyocean.eu\/ca\/wp-json\/wp\/v2\/media?parent=3"}],"curies":[{"name":"wp","href":"https:\/\/api.w.org\/{rel}","templated":true}]}}