{"id":22,"date":"2019-07-08T13:05:40","date_gmt":"2019-07-08T11:05:40","guid":{"rendered":"http:\/\/www.skyocean.eu\/web\/?page_id=22"},"modified":"2024-05-09T00:01:35","modified_gmt":"2024-05-08T22:01:35","slug":"sky-ocean-abou-us","status":"publish","type":"page","link":"https:\/\/www.skyocean.eu\/ca\/sky-ocean-abou-us\/","title":{"rendered":"Nosaltres som Sky Ocean"},"content":{"rendered":"\n<div class=\"wp-block-columns is-layout-flex wp-container-core-columns-is-layout-9d6595d7 wp-block-columns-is-layout-flex\">\n<div class=\"wp-block-column is-layout-flow wp-block-column-is-layout-flow\">\n<h2 class=\"wp-block-heading\">EXCEL\u00b7L\u00c8NCIA I PROFESSIONALITAT<\/h2>\n\n\n\n<p>Una bona gesti\u00f3 d&#8217;un recondicionament i reparaci\u00f3 garantir\u00e0 la capacitat operativa segura del vostre iot. A SKY OCEAN oferim anys d&#8217;experi\u00e8ncia en drassanes. Ens assegurem que els terminis del projecte siguin realistes i es mantinguin els pressupostos.<\/p>\n<\/div>\n<\/div>\n\n\n\n<div style=\"height:50px\" aria-hidden=\"true\" class=\"wp-block-spacer\"><\/div>\n\n\n\n<div class=\"wp-block-columns is-layout-flex wp-container-core-columns-is-layout-9d6595d7 wp-block-columns-is-layout-flex\">\n<div class=\"wp-block-column is-layout-flow wp-block-column-is-layout-flow\" style=\"flex-basis:50%\">\n<h3 class=\"wp-block-heading\">SERVEIS DE PINTURA PER A SUPER IOTS<\/h3>\n\n\n\n<p>Estem especialitzats en serveis d&#8217;acabat, repintat i rea-condicionament per a super iots. Oferim un servei dissenyat per satisfer totes les vostres necessitats, amb anys d&#8217;experi\u00e8ncia en tots els camps de la pintura de iots. SKY OCEAN ofereix un enfocament personalitzat per a la pintura de iots, proporcionant una recomanaci\u00f3 adequada per a les necessitats individuals de cada projecte.<\/p>\n\n\n\n<p>SKY OCEAN ofereix uns resultats de pintura de la m\u00e0xima qualitat que \u00e9s un dels elements m\u00e9s cr\u00edtics de cada projecte de recondicionament. La nostra empresa ha perfeccionat sistem\u00e0ticament un equip de pintura altament qualificat i eficient, preparat per afrontar els reptes m\u00e9s dif\u00edcils i oferir sempre acabats de m\u00e0xima qualitat a cada projecte. El nostre equip ha donat la talla en tots els projectes de pintura realitzats fins avui.<\/p>\n\n\n\n<p>Treballem a tot el m\u00f3n, tant en projectes de nova construcci\u00f3 com de renovaci\u00f3. Apassionats pel nostre treball, la nostra cont\u00ednua implicaci\u00f3 en nous projectes garanteix que estem al corrent dels darrers aven\u00e7os tecnol\u00f2gics.<\/p>\n<\/div>\n\n\n\n<div class=\"wp-block-column is-layout-flow wp-block-column-is-layout-flow\" style=\"flex-basis:50%\">\n<figure class=\"wp-block-image size-large\"><img loading=\"lazy\" decoding=\"async\" width=\"1024\" height=\"768\" src=\"https:\/\/www.skyocean.eu\/wp-content\/uploads\/2019\/09\/Foto-per-about-us-1024x768.jpg\" alt=\"\" class=\"wp-image-480\" srcset=\"https:\/\/www.skyocean.eu\/wp-content\/uploads\/2019\/09\/Foto-per-about-us-1024x768.jpg 1024w, https:\/\/www.skyocean.eu\/wp-content\/uploads\/2019\/09\/Foto-per-about-us-300x225.jpg 300w, https:\/\/www.skyocean.eu\/wp-content\/uploads\/2019\/09\/Foto-per-about-us-768x576.jpg 768w, https:\/\/www.skyocean.eu\/wp-content\/uploads\/2019\/09\/Foto-per-about-us-1440x1080.jpg 1440w\" sizes=\"auto, (max-width: 1024px) 100vw, 1024px\" \/><\/figure>\n<\/div>\n<\/div>\n","protected":false},"excerpt":{"rendered":"<p>EXCEL\u00b7L\u00c8NCIA I PROFESSIONALITAT Una bona gesti\u00f3 d&#8217;un recondicionament i reparaci\u00f3 garantir\u00e0 la capacitat operativa segura del vostre iot. A SKY OCEAN oferim anys d&#8217;experi\u00e8ncia en drassanes. Ens assegurem que els terminis del projecte siguin realistes i es mantinguin els pressupostos. SERVEIS DE PINTURA PER A SUPER IOTS Estem especialitzats en serveis d&#8217;acabat, repintat i rea-condicionament&hellip; <br \/> <a class=\"read-more\" href=\"https:\/\/www.skyocean.eu\/ca\/sky-ocean-abou-us\/\">Read more<\/a><\/p>\n","protected":false},"author":1,"featured_media":772,"parent":0,"menu_order":0,"comment_status":"closed","ping_status":"closed","template":"","meta":{"_monsterinsights_skip_tracking":false,"_monsterinsights_sitenote_active":false,"_monsterinsights_sitenote_note":"","_monsterinsights_sitenote_category":0,"_uf_show_specific_survey":0,"_uf_disable_surveys":false,"footnotes":""},"class_list":["post-22","page","type-page","status-publish","has-post-thumbnail","hentry"],"aioseo_notices":[],"jetpack_sharing_enabled":true,"_links":{"self":[{"href":"https:\/\/www.skyocean.eu\/ca\/wp-json\/wp\/v2\/pages\/22","targetHints":{"allow":["GET"]}}],"collection":[{"href":"https:\/\/www.skyocean.eu\/ca\/wp-json\/wp\/v2\/pages"}],"about":[{"href":"https:\/\/www.skyocean.eu\/ca\/wp-json\/wp\/v2\/types\/page"}],"author":[{"embeddable":true,"href":"https:\/\/www.skyocean.eu\/ca\/wp-json\/wp\/v2\/users\/1"}],"replies":[{"embeddable":true,"href":"https:\/\/www.skyocean.eu\/ca\/wp-json\/wp\/v2\/comments?post=22"}],"version-history":[{"count":48,"href":"https:\/\/www.skyocean.eu\/ca\/wp-json\/wp\/v2\/pages\/22\/revisions"}],"predecessor-version":[{"id":1114,"href":"https:\/\/www.skyocean.eu\/ca\/wp-json\/wp\/v2\/pages\/22\/revisions\/1114"}],"wp:featuredmedia":[{"embeddable":true,"href":"https:\/\/www.skyocean.eu\/ca\/wp-json\/wp\/v2\/media\/772"}],"wp:attachment":[{"href":"https:\/\/www.skyocean.eu\/ca\/wp-json\/wp\/v2\/media?parent=22"}],"curies":[{"name":"wp","href":"https:\/\/api.w.org\/{rel}","templated":true}]}}