{"id":1067,"date":"2024-05-08T22:38:52","date_gmt":"2024-05-08T20:38:52","guid":{"rendered":"https:\/\/www.skyocean.eu\/?page_id=1067"},"modified":"2024-05-08T23:27:27","modified_gmt":"2024-05-08T21:27:27","slug":"legal-advice","status":"publish","type":"page","link":"https:\/\/www.skyocean.eu\/ca\/legal-advice\/","title":{"rendered":"Legal advice"},"content":{"rendered":"\n<p>Av\u00eds Legal: En compliment de la <a href=\"https:\/\/www.boe.es\/eli\/es\/l\/2002\/07\/11\/34\/con\">Llei 34\/2002<\/a> , de 11 de juliol, de Serveis de la Societat de la Informaci\u00f3 i de Comer\u00e7 Electr\u00f2nic (LSSI-CE),  skyocean informa que \u00e9s titular del lloc web <a href=\"https:\/\/www.didal.com\">www.skyocean.eu<\/a>. D\u2019acord amb l\u2019exig\u00e8ncia de l\u2019article 10 de l\u2019esmentada Llei,  skyocean informa de les seg\u00fcents dades:<\/p>\n\n\n\n<p>El titular d\u2019aquest lloc web \u00e9s skyocean amb CIF B01950856 i domicili social a WTC Barcelona Muelle de Barcelona, Edificio Sur, 2\u00aa planta. 08039, Barcelona,\u200b\u200binscrita al Registre Mercantil, en el tom XXXX, foli XX, p\u00e0gina XXXX i inscripci\u00f3 1. L\u2019adre\u00e7a de correu electr\u00f2nic de contacte amb l\u2019empresa \u00e9s : <a href=\"mailto:info@skyocean.eu\">info@skyocean.eu<\/a>.<\/p>\n\n\n\n<h3 class=\"wp-block-heading\"><strong>Usuari i r\u00e8gim de responsabilitats<\/strong><\/h3>\n\n\n\n<p>La navegaci\u00f3, acc\u00e9s i \u00fas pel lloc web de skyocean confereix la condici\u00f3 d\u2019usuari, per la que s\u2019accepten, des de la navegaci\u00f3 pel lloc web de skyocean, Totes les condicions d\u2019\u00fas aqu\u00ed establertes sense perjudici de l\u2019aplicaci\u00f3 de la corresponent normativa d\u2019obligat compliment legal segons el cas.<\/p>\n\n\n\n<p>El lloc web de skyocean proporciona gran diversitat d\u2019informaci\u00f3, serveis i dades. L\u2019usuari assumeix la seva responsabilitat en l\u2019\u00fas correcte de la p\u00e0gina web. Aquesta responsabilitat s\u2019estendr\u00e0 a:<\/p>\n\n\n\n<ul class=\"wp-block-list\">\n<li>La veracitat i licitud de les informacions aportades per l\u2019usuari en els formularis facilitats per skyocean per a l\u2019acc\u00e9s a determinats continguts o serveis oferts pel web.<\/li>\n\n\n\n<li>L\u2019\u00fas de la informaci\u00f3, serveis i dades ofertes per skyocean contr\u00e0riament a all\u00f2 disposat per les presents condicions, la Llei, la moral, els bons costums o l\u2019ordre p\u00fablic, o que de qualsevol altre forma pugui suposar lesi\u00f3 dels drets de tercers o de la mateixa funcionament del lloc web.<\/li>\n<\/ul>\n\n\n\n<h3 class=\"wp-block-heading\"><strong><strong>Pol\u00edtica d\u2019enlla\u00e7os i exempcions de responsabilitat<\/strong><\/strong><\/h3>\n\n\n\n<p>skyocean no es fa responsable del contingut dels llocs web als quals l\u2019usuari pugui accedir a trav\u00e9s dels enlla\u00e7os establerts en el seu lloc web i declara que en cap cas procedir\u00e0 a examinar o exercitar cap tipus de control sobre el contingut d\u2019altres llocs de la xarxa. Aix\u00ed mateix, tampoc garantir\u00e0 la disponibilitat t\u00e8cnica, exactitud, veracitat, validesa o legalitat de llocs aliens a la seva propietat als quals es pugui accedir per mitj\u00e0 dels enlla\u00e7os.<\/p>\n\n\n\n<p>skyocean declara haver adoptat totes les mesures necess\u00e0ries per evitar qualsevol dany als usuaris del seu lloc web, que poguessin derivar-se de la navegaci\u00f3 pel seu lloc web. En conseq\u00fc\u00e8ncia, skyocean  no es fa responsable, en cap cas, dels eventuals danys que per la navegaci\u00f3 per Internet pogu\u00e9s patir l\u2019usuari.<\/p>\n\n\n\n<h3 class=\"wp-block-heading\"><strong><strong>Modificacions<\/strong><\/strong><\/h3>\n\n\n\n<p>skyocean es reserva el dret a realitzar les modificacions que consideri oportunes, sense av\u00eds previ, en el contingut del seu lloc web. Tant pel que fa als continguts de la p\u00e0gina web, com en les condicions d\u2019\u00fas de la mateixa, o en les condicions generals de contractaci\u00f3. Aquestes modificacions podran realitzar-se a trav\u00e9s del seu lloc web per qualsevol forma admissible en dret i seran d\u2019obligat compliment durant el temps en qu\u00e8 es trobin publicades al web i fins que no siguin modificades v\u00e0lidament per altres posteriors.<\/p>\n\n\n\n<h3 class=\"wp-block-heading\"><strong><strong>Formularis<\/strong><\/strong><\/h3>\n\n\n\n<p>Alguns espais del espai web de skyocean contenen la possibilitat d\u2019enviar les seves dades per Internet. L\u2019\u00fas dels mateixos requerir\u00e0 la lectura i acceptaci\u00f3 obligat\u00f2ria de les condicions generals de reserva establertes a l\u2019efecte per skyocean<\/p>\n\n\n\n<p>De conformitat amb el que estableix la normativa vigent en Protecci\u00f3 de Dades de Car\u00e0cter Personal, l\u2019informem que les seves dades seran incorporades a sistema de tractament titularitat de skyocean amb amb CIF B01950856 i domicili social a WTC Barcelona Muelle de Barcelona, Edificio Sur, 2\u00aa planta. 08039, Barcelona, amb la finalitat de poder facilitar, agilitar i acomplir els compromisos establerts entre ambdues parts. En el compliment de la normativa vigent, skyocean informa que les dades seran conservades durant el temps estrictament necessari per acomplir amb els preceptes mencionats anteriorment.<\/p>\n\n\n\n<p>L\u2019informem que tractarem les seves dades d\u2019acord amb l\u2019exist\u00e8ncia del seu consentiment i \/ o la relaci\u00f3 contractual que mantenim amb vost\u00e8.<\/p>\n\n\n\n<p>skyocean informa que procedir\u00e0 a tractar les dades de manera l\u00edcita, lleial, transparent, adequada, pertinent, limitada, exacta i actualitzada. \u00c9s per aix\u00f2 que skyocean es compromet a adoptar totes les mesures raonables perqu\u00e8 aquests es suprimeixin o rectifiquin sense dilaci\u00f3 quan siguin inexactes.<\/p>\n\n\n\n<p>D\u2019acord amb els drets que li confereix l\u2019la normativa vigent en protecci\u00f3 de dades podr\u00e0 exercir els drets d\u2019acc\u00e9s, rectificaci\u00f3, limitaci\u00f3 de tractament, supressi\u00f3, portabilitat i oposici\u00f3 a el tractament de les seves dades de car\u00e0cter personal aix\u00ed com del consentiment prestat per al tractament dels mateixos, dirigint la seva petici\u00f3 a l\u2019adre\u00e7a postal indicada m\u00e9s amunt o al correu electr\u00f2nic <a href=\"mailto:info@skyocean.eu\">info@skyocean.eu<\/a>.<\/p>\n\n\n\n<p>Pot dirigir-se a l\u2019Autoritat de Control competent per a presentar la reclamaci\u00f3 que consideri oportuna.<\/p>\n\n\n\n<h3 class=\"wp-block-heading\"><strong><strong>Propietat intel\u00b7lectual i industrial<\/strong><\/strong><\/h3>\n\n\n\n<p>skyocean per si mateixa o com a cession\u00e0ria, \u00e9s titular de tots els drets de propietat intel\u00b7lectual i industrial de la seva p\u00e0gina web, aix\u00ed com dels elements continguts en la mateixa (a t\u00edtol enunciatiu, imatges, so, \u00e0udio, v\u00eddeo, programari o textos; marques o logotips, combinacions de colors, estructura i disseny, selecci\u00f3 de materials usats, programes d\u2019ordinador necessaris per al seu funcionament, acc\u00e9s i \u00fas, etc.), titularitat de skyocean  Seran, per tant, obres protegides com a propietat intel\u00b7lectual per l\u2019ordenament jur\u00eddic espanyol, ser\u00e0 d\u2019aplicaci\u00f3 tant la normativa espanyola i comunit\u00e0ria en aquest camp, com els tractats internacionals relatius a la mat\u00e8ria i subscrits per Espanya.<\/p>\n\n\n\n<p>Tots els drets reservats. En virtut del que disposa la Llei de Propietat Intel\u00b7lectual, queden expressament prohibides la reproducci\u00f3, la distribuci\u00f3 i la comunicaci\u00f3 p\u00fablica, inclosa la seva modalitat de posada a disposici\u00f3, de la totalitat o part dels continguts d\u2019aquesta p\u00e0gina web, amb fins comercials, en qualsevol suport i per qualsevol mitj\u00e0 t\u00e8cnic, sense l\u2019autoritzaci\u00f3 de skyocean<\/p>\n\n\n\n<p>L\u2019usuari es compromet a respectar els drets de Propietat Intel\u00b7lectual i Industrial titularitat de skyocean Podr\u00e0 visualitzar els elements de el portal i fins i tot imprimir-los, copiar-los i emmagatzemar-los al disc dur del seu ordinador o en qualsevol altre suport f\u00edsic sempre que sigui, \u00fanica i exclusivament, per al seu \u00fas personal i privat. L\u2019usuari haur\u00e0 d\u2019abstenir-se de suprimir, alterar, eludir o manipular qualsevol dispositiu de protecci\u00f3 o sistema de seguretat que estigu\u00e9s instal\u00b7lat a les p\u00e0gines de skyocean<\/p>\n\n\n\n<h3 class=\"wp-block-heading\"><strong><strong>Accions legals, legislaci\u00f3 aplicable i jurisdicci\u00f3<\/strong><\/strong><\/h3>\n\n\n\n<p>skyocean es reserva, aix\u00ed mateix, la facultat de presentar les accions civils o penals que consideri oportunes per la utilitzaci\u00f3 indeguda del seu lloc web i continguts, o per l\u2019incompliment de les presents condicions.<\/p>\n\n\n\n<p>La relaci\u00f3 entre l\u2019usuari i el prestador es regir\u00e0 per la normativa vigent i d\u2019aplicaci\u00f3 en el territori espanyol. De sorgir qualsevol controv\u00e8rsia les parts podran sotmetre els seus conflictes a arbitratge o acudir a la jurisdicci\u00f3 ordin\u00e0ria complint amb les normes sobre jurisdicci\u00f3 i compet\u00e8ncia al respecte.<\/p>\n\n\n\n<p>skyocean t\u00e9 el seu domicili a Barcelona, Espanya.<\/p>\n","protected":false},"excerpt":{"rendered":"<p>Av\u00eds Legal: En compliment de la Llei 34\/2002 , de 11 de juliol, de Serveis de la Societat de la Informaci\u00f3 i de Comer\u00e7 Electr\u00f2nic (LSSI-CE), skyocean informa que \u00e9s titular del lloc web www.skyocean.eu. D\u2019acord amb l\u2019exig\u00e8ncia de l\u2019article 10 de l\u2019esmentada Llei, skyocean informa de les seg\u00fcents dades: El titular d\u2019aquest lloc web&hellip; <br \/> <a class=\"read-more\" href=\"https:\/\/www.skyocean.eu\/ca\/legal-advice\/\">Read more<\/a><\/p>\n","protected":false},"author":1,"featured_media":0,"parent":0,"menu_order":0,"comment_status":"closed","ping_status":"closed","template":"","meta":{"_monsterinsights_skip_tracking":false,"_monsterinsights_sitenote_active":false,"_monsterinsights_sitenote_note":"","_monsterinsights_sitenote_category":0,"_uf_show_specific_survey":0,"_uf_disable_surveys":false,"footnotes":""},"class_list":["post-1067","page","type-page","status-publish","hentry"],"aioseo_notices":[],"jetpack_sharing_enabled":true,"_links":{"self":[{"href":"https:\/\/www.skyocean.eu\/ca\/wp-json\/wp\/v2\/pages\/1067","targetHints":{"allow":["GET"]}}],"collection":[{"href":"https:\/\/www.skyocean.eu\/ca\/wp-json\/wp\/v2\/pages"}],"about":[{"href":"https:\/\/www.skyocean.eu\/ca\/wp-json\/wp\/v2\/types\/page"}],"author":[{"embeddable":true,"href":"https:\/\/www.skyocean.eu\/ca\/wp-json\/wp\/v2\/users\/1"}],"replies":[{"embeddable":true,"href":"https:\/\/www.skyocean.eu\/ca\/wp-json\/wp\/v2\/comments?post=1067"}],"version-history":[{"count":5,"href":"https:\/\/www.skyocean.eu\/ca\/wp-json\/wp\/v2\/pages\/1067\/revisions"}],"predecessor-version":[{"id":1091,"href":"https:\/\/www.skyocean.eu\/ca\/wp-json\/wp\/v2\/pages\/1067\/revisions\/1091"}],"wp:attachment":[{"href":"https:\/\/www.skyocean.eu\/ca\/wp-json\/wp\/v2\/media?parent=1067"}],"curies":[{"name":"wp","href":"https:\/\/api.w.org\/{rel}","templated":true}]}}